{"id":51217,"date":"2025-11-04T01:36:45","date_gmt":"2025-11-03T23:36:45","guid":{"rendered":"https:\/\/www.clinicacemtro.com\/new-home\/"},"modified":"2025-11-14T17:59:28","modified_gmt":"2025-11-14T15:59:28","slug":"new-home","status":"publish","type":"page","link":"https:\/\/www.clinicacemtro.com\/en\/","title":{"rendered":"New Home"},"content":{"rendered":"<section class=\"l-section wpb_row height_auto width_full\"><div class=\"l-section-h i-cf\"><div class=\"g-cols vc_row via_flex valign_top type_default stacking_default\"><div class=\"vc_col-sm-12 wpb_column vc_column_container home2023\"><div class=\"vc_column-inner\"><div class=\"wpb_wrapper\">    <div class=\"cemtro-blocks\">\n        <section class=\"new-home banner-hero\" style=\"background-image: url(https:\/\/www.clinicacemtro.com\/wp-content\/uploads\/2025\/11\/ISABEL-GUILLEN-CONSULTA-PREMIUM-min.jpeg);\">\n            <div class=\"container\">\n                <div class=\"content-text\">\n                    <h1>Conoce CEMTRO Premium<\/h1>\n                    <h2>Un nuevo nivel de atenci\u00f3n m\u00e9dica<\/h2>\n                    <a href=\"https:\/\/premium.clinicacemtro.com\/\" target=\"_blank\" class=\"btn bg-blue\">\n                        visitar web                    <\/a>\n                <\/div>\n            <\/div>\n        <\/section>\n    <\/div>\n        <div class=\"cemtro-blocks\">\n        <section class=\"new-home container-data\">\n            <div class=\"container\">\n                                    <div class=\"item\">\n                        <h3>13.000<\/h3>\n                        <p>Cirug\u00edas al a\u00f1o<\/p>\n                    <\/div>\n                                    <div class=\"item\">\n                        <h3>60.000<\/h3>\n                        <p>Urgencias Traumatol\u00f3gicas<\/p>\n                    <\/div>\n                                    <div class=\"item\">\n                        <h3>315.000<\/h3>\n                        <p>consultas al a\u00f1o<\/p>\n                    <\/div>\n                            <\/div>\n        <\/section>\n    <\/div>\n        <div class=\"cemtro-blocks\">\n        <section class=\"new-home container-title\">\n            <div class=\"container\">\n                <h2>Referentes en traumatolog\u00eda<\/h2>\n                <p>L\u00edderes en cirug\u00eda ortop\u00e9dica y traumatolog\u00eda. \u00danico hospital en Espa\u00f1a acreditado como Centro M\u00e9dico de Excelencia FIFA.<\/p>\n            <\/div>\n        <\/section>\n    <\/div>\n        <div class=\"cemtro-blocks\">\n        <section class=\"new-home container-grid\">\n            <div class=\"container\">\n                <div class=\"content-grid\">\n                                                                    \n                                                                                <div class=\"item img\"  >\n                                                                    <img decoding=\"async\" src=\"https:\/\/www.clinicacemtro.com\/wp-content\/uploads\/2025\/10\/grid-img-traumatologia-scaled.jpg\" alt=\"\">\n                                                            <\/div>\n                            \n                                                \n                                                                    \n                                                    <a class=\"item\" href=\"https:\/\/www.clinicacemtro.com\/traumatologia\/unidad-de-hombro\/\" >\n                                                                    <i class=\"fa-light fa-arrow-right\"><\/i>\n                                                                <div class=\"content-tx\">\n                                                                            <h4>Unidad de<\/h4>\n                                                                                                                <p>Hombro<\/p>\n                                                                    <\/div>\n                            <\/a>\n                                                \n                                                                    \n                                                    <a class=\"item\" href=\"https:\/\/www.clinicacemtro.com\/traumatologia\/unidad-de-rodilla\/\" >\n                                                                    <i class=\"fa-light fa-arrow-right\"><\/i>\n                                                                <div class=\"content-tx\">\n                                                                            <h4>Unidad de<\/h4>\n                                                                                                                <p>Rodilla<\/p>\n                                                                    <\/div>\n                            <\/a>\n                                                \n                                                                    \n                                                    <a class=\"item\" href=\"https:\/\/www.clinicacemtro.com\/traumatologia\/unidad-de-cartilago\/\" >\n                                                                    <i class=\"fa-light fa-arrow-right\"><\/i>\n                                                                <div class=\"content-tx\">\n                                                                            <h4>Unidad de<\/h4>\n                                                                                                                <p>Cart\u00edlago<\/p>\n                                                                    <\/div>\n                            <\/a>\n                                                \n                                                                    \n                                                    <a class=\"item\" href=\"https:\/\/www.clinicacemtro.com\/traumatologia\/unidad-de-tobillo-y-pie\/\" >\n                                                                    <i class=\"fa-light fa-arrow-right\"><\/i>\n                                                                <div class=\"content-tx\">\n                                                                            <h4>Unidad de<\/h4>\n                                                                                                                <p>Tobillo y pie<\/p>\n                                                                    <\/div>\n                            <\/a>\n                                                \n                                                                    \n                                                    <a class=\"item blue\" href=\"https:\/\/www.clinicacemtro.com\/traumatologia\" >\n                                <i class=\"fa-solid fa-plus\"><\/i>\n                                ver todas                            <\/a>\n                            \n                                                \n                                    <\/div>\n            <\/div>\n        <\/section>\n    <\/div>\n        <div class=\"cemtro-blocks\">\n        <section class=\"new-home container-service\" style=\"background-image: url(https:\/\/www.clinicacemtro.com\/wp-content\/uploads\/2025\/10\/bg-services.png);\">\n            <div class=\"container\">\n                <h2>Un servicio pensado por y para el paciente<\/h2>\n                <div class=\"container-slider single-slider\" id=\"cemtro-slider-69f322edabe20\">\n                                                                    <div class=\"item\">\n                            <div class=\"text\">\n                                <h3>CEMTRO Premium<\/h3>\n                                <p>CEMTRO Premium es un servicio exclusivamente privado, con un coste de 180 \u20ac, que ofrece atenci\u00f3n m\u00e9dica \u00e1gil, personalizada y de m\u00e1ximo confort, con cita inmediata y acceso a los mejores traumat\u00f3logos.<\/p>\n                            <\/div>\n                            <a href=\"https:\/\/premium.clinicacemtro.com\/\" target=\"_blank\" class=\"btn border-white\">\n                                visitar web                            <\/a>\n                        <\/div>\n                                                                    <div class=\"item\">\n                            <div class=\"text\">\n                                <h3>Segunda Opini\u00f3n M\u00e9dica online<\/h3>\n                                <p>El Sistema de Segunda Opini\u00f3n M\u00e9dica Online permite recibir valoraciones a distancia de los mejores especialistas de la Cl\u00ednica CEMTRO, para conocer una segunda opini\u00f3n.<\/p>\n                            <\/div>\n                            <a href=\"https:\/\/segundaopinioncemtro.com\/\" target=\"_blank\" class=\"btn border-white\">\n                                visitar web                            <\/a>\n                        <\/div>\n                                                                    <div class=\"item\">\n                            <div class=\"text\">\n                                <h3>FisioClub &amp; Sport<\/h3>\n                                <p>El servicio Fisio Club &amp; Sport est\u00e1 dise\u00f1ado para la fase final de la recuperaci\u00f3n, ayud\u00e1ndote a recuperar fuerza, movilidad y confianza con programas personalizados y fisioterapeutas especializados.<\/p>\n                            <\/div>\n                            <a href=\"https:\/\/fisioclubandsports.com\/\" target=\"_blank\" class=\"btn border-white\">\n                                visitar web                            <\/a>\n                        <\/div>\n                                    <\/div>\n            <\/div>\n        <\/section>\n    <\/div>\n        <div class=\"cemtro-blocks\">\n        <section class=\"new-home container-treatmen\">\n            <div class=\"container\">\n                <h2>Tratamiento 360 para nuestros pacientes<\/h2>\n                \n                \n                \n                <div class=\"content-tab\">\n                    <ul class=\"nav-tab\">\n                                                                                <li class=\"blue\" id=\"item-radiografia\">\n                                Radiodiagn\u00f3stico                            <\/li>\n                                                                                <li class=\"\" id=\"item-cirugia-robotica\">\n                                Cirug\u00eda Rob\u00f3tica                            <\/li>\n                                            <\/ul>\n                    \n                                                                    <div class=\"item-tabs\" id=\"item-radiografia\">\n                            <div class=\"img\">\n                                                                    <img decoding=\"async\" src=\"https:\/\/www.clinicacemtro.com\/wp-content\/uploads\/2025\/10\/img-tabs-01-scaled.jpg\" alt=\"Radiodiagn\u00f3stico\">\n                                                            <\/div>\n                            <div class=\"txt\">\n                                <h3>Radiodiagn\u00f3stico<\/h3>\n                                <p>Nuestro Servicio de Radiodiagn\u00f3stico m\u00fasculo-esquel\u00e9tico es completamente digital y cuenta con tecnolog\u00eda de vanguardia para la obtenci\u00f3n, procesamiento y entrega de im\u00e1genes.<\/p>\n                                <a href=\"https:\/\/www.clinicacemtro.com\/otras-especialidades\/radiodiagnostico\/\"  class=\"btn border-blue\">\n                                    saber m\u00e1s                                <\/a>\n                            <\/div>\n                        <\/div>\n                                                                    <div class=\"item-tabs\" id=\"item-cirugia-robotica\">\n                            <div class=\"img\">\n                                                                    <img decoding=\"async\" src=\"https:\/\/www.clinicacemtro.com\/wp-content\/uploads\/2025\/11\/ISABEL-GUILLEN-REALIDAD-MIXTA-7-min.jpeg\" alt=\"Cirug\u00eda Rob\u00f3tica\">\n                                                            <\/div>\n                            <div class=\"txt\">\n                                <h3>Cirug\u00eda Rob\u00f3tica<\/h3>\n                                <p>Cl\u00ednica CEMTRO es referente en cirug\u00eda con asistencia rob\u00f3tica en Espa\u00f1a, con tecnolog\u00eda de vanguardia como\u00a0Mako SmartRobotics\u2122,\u00a0Da Vinci\u00a0y\u00a0SkyWalker. Estos sistemas permiten intervenciones m\u00e1s precisas, seguras y personalizadas.<\/p>\n                                <a href=\"https:\/\/www.clinicacemtro.com\/landing-protesis-de-rodilla-mako\/\"  class=\"btn border-blue\">\n                                    saber m\u00e1s                                <\/a>\n                            <\/div>\n                        <\/div>\n                                    <\/div>\n            <\/div>\n        <\/section>\n    <\/div>\n        <div class=\"cemtro-blocks\">\n        <section class=\"new-home container-service our-pillars\">\n                            <div class=\"content-img\" style=\"background-image: url(https:\/\/www.clinicacemtro.com\/wp-content\/uploads\/2025\/11\/image00003-min.png);\"><\/div>\n                        <div class=\"container\">\n                <h2>Mucho m\u00e1s que una cl\u00ednica<\/h2>\n                <div class=\"container-slider single-slider\" id=\"cemtro-pillars-69f322edac59a\">\n                                                                    <div class=\"item\">\n                            <div class=\"text\">\n                                                                <h3>Labor asistencial<\/h3>\n                                <p>Humanidad y la cercan\u00eda al servicio de un objetivo: <span>devolver al paciente las capacidades que la enfermedad le ha secuestrado.<\/span><\/p>\n                            <\/div>\n                            <a href=\"https:\/\/www.clinicacemtro.com\/quienes-somos\/#asistencial\"  class=\"btn border-blue\">\n                                Saber m\u00e1s                            <\/a>\n                        <\/div>\n                                                                    <div class=\"item\">\n                            <div class=\"text\">\n                                                                <h3>Labor docente<\/h3>\n                                <p>Formamos a los mejores especialistas a nivel te\u00f3rico y pr\u00e1ctico con m\u00e1steres, cursos y programas de rotaci\u00f3n en las especialdiades.<\/p>\n                            <\/div>\n                            <a href=\"https:\/\/www.clinicacemtro.com\/quienes-somos\/#docente\"  class=\"btn border-blue\">\n                                Saber m\u00e1s                            <\/a>\n                        <\/div>\n                                                                    <div class=\"item\">\n                            <div class=\"text\">\n                                                                <h3>Investigaci\u00f3n<\/h3>\n                                <p>A trav\u00e9s de la Fundaci\u00f3n Dr. Pedro Guill\u00e9n llevamos a cabo labores de investigaci\u00f3n para poder ofrecer mejores soluciones en el futuro.<\/p>\n                            <\/div>\n                            <a href=\"https:\/\/www.clinicacemtro.com\/quienes-somos\/#inves\"  class=\"btn border-blue\">\n                                Saber m\u00e1s                            <\/a>\n                        <\/div>\n                                    <\/div>\n            <\/div>\n        <\/section>\n    <\/div>\n        <div class=\"cemtro-blocks\">\n        <section class=\"new-home container-video\">\n            <div class=\"container\">\n                <div class=\"content-video\" data-video-type=\"youtube\" data-video-id=\"FHoNnduEzU8\">\n                                            <!-- YouTube iframe (oculto inicialmente) -->\n                        <iframe loading=\"lazy\" \n                            id=\"cemtro-video-69f322edaccbc\"\n                            width=\"100%\" \n                            height=\"600\" \n                            src=\"\" \n                            data-src=\"https:\/\/www.youtube.com\/embed\/FHoNnduEzU8?autoplay=1&rel=0&modestbranding=1\"\n                            frameborder=\"0\" \n                            allow=\"accelerometer; autoplay; clipboard-write; encrypted-media; gyroscope; picture-in-picture\" \n                            allowfullscreen\n                            style=\"display: none;\">\n                        <\/iframe>\n                                        \n                                            <div class=\"content-img\">\n                            <img decoding=\"async\" src=\"https:\/\/www.clinicacemtro.com\/wp-content\/uploads\/2025\/11\/maxresdefault-5.jpg\" alt=\"\">\n                        <\/div>\n                                        <i class=\"fa-solid fa-play\"><\/i>\n                <\/div>\n            <\/div>\n        <\/section>\n    <\/div>\n        <div class=\"cemtro-blocks\">\n        <section class=\"new-home container-present\">\n            <div class=\"container\">\n                <h2>Actualidad<\/h2>\n                <div class=\"content-info\">\n                                            <a href=\"#\" class=\"content-txt-img\">\n                                                        <div class=\"content-txt\">\n                                                                    <span class=\"outstandi\">DESTACADA<\/span>\n                                                                <p>No hay noticias disponibles<\/p>\n                            <\/div>\n                        <\/a>\n                                    <\/div>\n                <a href=\"https:\/\/www.clinicacemtro.com\/prensa\/\"  class=\"btn border-blue\">\n                    Ver todo                <\/a>\n            <\/div>\n        <\/section>\n    <\/div>\n    <\/div><\/div><\/div><\/div><\/div><\/section>\n","protected":false},"excerpt":{"rendered":"Conoce CEMTRO Premium Un nuevo nivel de atenci\u00f3n m\u00e9dica visitar web 13.000 Cirug\u00edas al a\u00f1o 60.000 Urgencias Traumatol\u00f3gicas 315.000 consultas al a\u00f1o Referentes en traumatolog\u00eda L\u00edderes en cirug\u00eda ortop\u00e9dica y traumatolog\u00eda. \u00danico hospital en Espa\u00f1a acreditado como Centro M\u00e9dico de Excelencia FIFA. Unidad de Hombro Unidad de Rodilla Unidad de Cart\u00edlago Unidad de Tobillo y...","protected":false},"author":2,"featured_media":0,"parent":0,"menu_order":0,"comment_status":"closed","ping_status":"closed","template":"","meta":{"inline_featured_image":false,"footnotes":""},"class_list":["post-51217","page","type-page","status-publish","hentry"],"acf":[],"yoast_head":"<!-- This site is optimized with the Yoast SEO plugin v27.3 - https:\/\/yoast.com\/product\/yoast-seo-wordpress\/ -->\n<title>Cl\u00ednica CEMTRO - Hospital especializado en cirug\u00eda y traumatolog\u00eda<\/title>\n<meta name=\"description\" content=\"Cl\u00ednica CEMTRO, hospital especializado fundado por el prestigioso cirujano Pedro Guill\u00e9n, introductor de la artroscopia en Espa\u00f1a.\" \/>\n<meta name=\"robots\" content=\"index, follow, max-snippet:-1, max-image-preview:large, max-video-preview:-1\" \/>\n<link rel=\"canonical\" href=\"https:\/\/www.clinicacemtro.com\/en\/\" \/>\n<meta property=\"og:locale\" content=\"en_US\" \/>\n<meta property=\"og:type\" content=\"article\" \/>\n<meta property=\"og:title\" content=\"Cl\u00ednica CEMTRO - Hospital especializado en cirug\u00eda y traumatolog\u00eda\" \/>\n<meta property=\"og:description\" content=\"Cl\u00ednica CEMTRO, hospital especializado fundado por el prestigioso cirujano Pedro Guill\u00e9n, introductor de la artroscopia en Espa\u00f1a.\" \/>\n<meta property=\"og:url\" content=\"https:\/\/www.clinicacemtro.com\/en\/\" \/>\n<meta property=\"og:site_name\" content=\"Cl\u00ednica CEMTRO\" \/>\n<meta property=\"article:modified_time\" content=\"2025-11-14T15:59:28+00:00\" \/>\n<meta name=\"twitter:card\" content=\"summary_large_image\" \/>\n<meta name=\"twitter:label1\" content=\"Est. reading time\" \/>\n\t<meta name=\"twitter:data1\" content=\"1 minute\" \/>\n<script type=\"application\/ld+json\" class=\"yoast-schema-graph\">{\"@context\":\"https:\\\/\\\/schema.org\",\"@graph\":[{\"@type\":\"WebPage\",\"@id\":\"https:\\\/\\\/www.clinicacemtro.com\\\/en\\\/\",\"url\":\"https:\\\/\\\/www.clinicacemtro.com\\\/en\\\/\",\"name\":\"Cl\u00ednica CEMTRO - Hospital especializado en cirug\u00eda y traumatolog\u00eda\",\"isPartOf\":{\"@id\":\"https:\\\/\\\/www.clinicacemtro.com\\\/en\\\/#website\"},\"datePublished\":\"2025-11-03T23:36:45+00:00\",\"dateModified\":\"2025-11-14T15:59:28+00:00\",\"description\":\"Cl\u00ednica CEMTRO, hospital especializado fundado por el prestigioso cirujano Pedro Guill\u00e9n, introductor de la artroscopia en Espa\u00f1a.\",\"inLanguage\":\"en-US\",\"potentialAction\":[{\"@type\":\"ReadAction\",\"target\":[\"https:\\\/\\\/www.clinicacemtro.com\\\/en\\\/\"]}]},{\"@type\":\"WebSite\",\"@id\":\"https:\\\/\\\/www.clinicacemtro.com\\\/en\\\/#website\",\"url\":\"https:\\\/\\\/www.clinicacemtro.com\\\/en\\\/\",\"name\":\"Cl\u00ednica CEMTRO\",\"description\":\"\",\"alternateName\":\"Cl\u00ednica CEMTRO\",\"potentialAction\":[{\"@type\":\"SearchAction\",\"target\":{\"@type\":\"EntryPoint\",\"urlTemplate\":\"https:\\\/\\\/www.clinicacemtro.com\\\/en\\\/?s={search_term_string}\"},\"query-input\":{\"@type\":\"PropertyValueSpecification\",\"valueRequired\":true,\"valueName\":\"search_term_string\"}}],\"inLanguage\":\"en-US\"}]}<\/script>\n<!-- \/ Yoast SEO plugin. -->","yoast_head_json":{"title":"Cl\u00ednica CEMTRO - Hospital especializado en cirug\u00eda y traumatolog\u00eda","description":"Cl\u00ednica CEMTRO, hospital especializado fundado por el prestigioso cirujano Pedro Guill\u00e9n, introductor de la artroscopia en Espa\u00f1a.","robots":{"index":"index","follow":"follow","max-snippet":"max-snippet:-1","max-image-preview":"max-image-preview:large","max-video-preview":"max-video-preview:-1"},"canonical":"https:\/\/www.clinicacemtro.com\/en\/","og_locale":"en_US","og_type":"article","og_title":"Cl\u00ednica CEMTRO - Hospital especializado en cirug\u00eda y traumatolog\u00eda","og_description":"Cl\u00ednica CEMTRO, hospital especializado fundado por el prestigioso cirujano Pedro Guill\u00e9n, introductor de la artroscopia en Espa\u00f1a.","og_url":"https:\/\/www.clinicacemtro.com\/en\/","og_site_name":"Cl\u00ednica CEMTRO","article_modified_time":"2025-11-14T15:59:28+00:00","twitter_card":"summary_large_image","twitter_misc":{"Est. reading time":"1 minute"},"schema":{"@context":"https:\/\/schema.org","@graph":[{"@type":"WebPage","@id":"https:\/\/www.clinicacemtro.com\/en\/","url":"https:\/\/www.clinicacemtro.com\/en\/","name":"Cl\u00ednica CEMTRO - Hospital especializado en cirug\u00eda y traumatolog\u00eda","isPartOf":{"@id":"https:\/\/www.clinicacemtro.com\/en\/#website"},"datePublished":"2025-11-03T23:36:45+00:00","dateModified":"2025-11-14T15:59:28+00:00","description":"Cl\u00ednica CEMTRO, hospital especializado fundado por el prestigioso cirujano Pedro Guill\u00e9n, introductor de la artroscopia en Espa\u00f1a.","inLanguage":"en-US","potentialAction":[{"@type":"ReadAction","target":["https:\/\/www.clinicacemtro.com\/en\/"]}]},{"@type":"WebSite","@id":"https:\/\/www.clinicacemtro.com\/en\/#website","url":"https:\/\/www.clinicacemtro.com\/en\/","name":"Cl\u00ednica CEMTRO","description":"","alternateName":"Cl\u00ednica CEMTRO","potentialAction":[{"@type":"SearchAction","target":{"@type":"EntryPoint","urlTemplate":"https:\/\/www.clinicacemtro.com\/en\/?s={search_term_string}"},"query-input":{"@type":"PropertyValueSpecification","valueRequired":true,"valueName":"search_term_string"}}],"inLanguage":"en-US"}]}},"post_mailing_queue_ids":[],"_links":{"self":[{"href":"https:\/\/www.clinicacemtro.com\/en\/wp-json\/wp\/v2\/pages\/51217","targetHints":{"allow":["GET"]}}],"collection":[{"href":"https:\/\/www.clinicacemtro.com\/en\/wp-json\/wp\/v2\/pages"}],"about":[{"href":"https:\/\/www.clinicacemtro.com\/en\/wp-json\/wp\/v2\/types\/page"}],"author":[{"embeddable":true,"href":"https:\/\/www.clinicacemtro.com\/en\/wp-json\/wp\/v2\/users\/2"}],"replies":[{"embeddable":true,"href":"https:\/\/www.clinicacemtro.com\/en\/wp-json\/wp\/v2\/comments?post=51217"}],"version-history":[{"count":1,"href":"https:\/\/www.clinicacemtro.com\/en\/wp-json\/wp\/v2\/pages\/51217\/revisions"}],"predecessor-version":[{"id":51218,"href":"https:\/\/www.clinicacemtro.com\/en\/wp-json\/wp\/v2\/pages\/51217\/revisions\/51218"}],"wp:attachment":[{"href":"https:\/\/www.clinicacemtro.com\/en\/wp-json\/wp\/v2\/media?parent=51217"}],"curies":[{"name":"wp","href":"https:\/\/api.w.org\/{rel}","templated":true}]}}