{"id":12156,"date":"2018-01-23T12:42:44","date_gmt":"2018-01-23T12:42:44","guid":{"rendered":"https:\/\/clinicacemtro.com\/tratamiento-del-dolor\/"},"modified":"2024-07-29T14:50:07","modified_gmt":"2024-07-29T12:50:07","slug":"tratamiento-del-dolor","status":"publish","type":"page","link":"https:\/\/www.clinicacemtro.com\/en\/other-specialties\/tratamiento-del-dolor\/","title":{"rendered":"Tratamiento del dolor"},"content":{"rendered":"<section class=\"l-section wpb_row us_custom_af6a9b6a height_medium\"><div class=\"l-section-overlay\" style=\"background:#0059a3\"><\/div><div class=\"l-section-h i-cf\"><div class=\"g-cols vc_row via_flex valign_middle type_default stacking_default\"><div class=\"vc_col-sm-4 wpb_column vc_column_container\"><div class=\"vc_column-inner\"><div class=\"wpb_wrapper\"><div class=\"w-image align_center\"><div class=\"w-image-h\"><img decoding=\"async\" width=\"250\" height=\"250\" src=\"https:\/\/www.clinicacemtro.com\/wp-content\/uploads\/2019\/12\/Tratamiento_del_dolor.png\" class=\"attachment-full size-full\" alt=\"Tratamiento del dolor\" loading=\"lazy\" srcset=\"https:\/\/www.clinicacemtro.com\/wp-content\/uploads\/2019\/12\/Tratamiento_del_dolor.png 250w, https:\/\/www.clinicacemtro.com\/wp-content\/uploads\/2019\/12\/Tratamiento_del_dolor-150x150.png 150w\" sizes=\"auto, (max-width: 250px) 100vw, 250px\" \/><\/div><\/div><\/div><\/div><\/div><div class=\"vc_col-sm-8 wpb_column vc_column_container\"><div class=\"vc_column-inner\"><div class=\"wpb_wrapper\"><div class=\"wpb_text_column titlec\"><div class=\"wpb_wrapper\"><h1 class=\"titulo\">Tratamiento del Dolor<\/h1>\n<p>La Unidad de Dolor realiza los procedimientos percut\u00e1neos m\u00e1s complejos y actualizados con monitorizaci\u00f3n completa y ayuda de scanner o rayos x para una localizaci\u00f3n m\u00e1s precisa y efectiva.<\/p>\n<\/div><\/div><\/div><\/div><\/div><\/div><\/div><\/section><section class=\"l-section wpb_row height_auto width_full\"><div class=\"l-section-h i-cf\"><div class=\"g-cols vc_row via_flex valign_top type_default stacking_default\"><div class=\"vc_col-sm-12 wpb_column vc_column_container\"><div class=\"vc_column-inner\"><div class=\"wpb_wrapper\"><div class=\"w-tabs layout_hor style_trendy switch_click has_scrolling\" style=\"--sections-title-size:20px\"><div class=\"w-tabs-list items_1 align_justify\" style=\"text-transform:uppercase;\"><div class=\"w-tabs-list-h\"><button class=\"w-tabs-item active\" aria-controls=\"content-o677\" aria-expanded=\"false\"><span class=\"w-tabs-item-title\">PRESENTACI\u00d3N<\/span><\/button><\/div><\/div><div class=\"w-tabs-sections titles-align_none icon_chevron cpos_right\"><div class=\"w-tabs-section no_indents active\" id=\"o677\"><button class=\"w-tabs-section-header active\" aria-controls=\"content-o677\" aria-expanded=\"true\"><div class=\"w-tabs-section-title\">PRESENTACI\u00d3N<\/div><div class=\"w-tabs-section-control\"><\/div><\/button><div  class=\"w-tabs-section-content\" id=\"content-o677\"><div class=\"w-tabs-section-content-h i-cf\"><div class=\"g-cols wpb_row via_flex valign_top type_default stacking_default\"><div class=\"vc_col-sm-12 wpb_column vc_column_container has_bg_color\"><div class=\"vc_column-inner us_custom_4fb9e5a3\"><div class=\"wpb_wrapper\"><div class=\"wpb_text_column centrado\"><div class=\"wpb_wrapper\"><div class=\"l-section-h i-cf\">\n<h2 class=\"subtitulo\" style=\"text-align: center;\">Patolog\u00edas que trata la Unidad del Dolor<\/h2>\n<ul>\n<li><strong>Dolores generados en la columna<\/strong> zona lumbar, tor\u00e1cica y cervical: Hernias discales, radiculopat\u00edas, ci\u00e1ticas, espondiloartrosis, s\u00edndrome facetario, estenosis canal, aplastamientos vertebrales.<\/li>\n<li><strong>Dolores y rigidez articulares<\/strong>: Hombro, codo, rodilla, tobillo, mu\u00f1eca, pies.<\/li>\n<li><strong>Dolores post traum\u00e1ticos o post quir\u00fargicos<\/strong>: Post toracotom\u00eda, post mastectom\u00eda, post hernia inguinal, dolor post cirug\u00eda de columna.<\/li>\n<li><strong>Dolores producidos en el<\/strong> <strong>deporte<\/strong>: Codo de tenis, codo de golf, etc&#8230;<\/li>\n<li><strong>S\u00edndrome complejo doloroso<\/strong> tipo I, II, enfermedad de Sudeck, distrofia simp\u00e1tico refleja.<\/li>\n<li><strong>Herpes zoster y neuralgia postherpetica.<\/strong><\/li>\n<li><strong>Neuralgia <\/strong>del trig\u00e9mino, Neuralgia Glosofaringea, cefalea en racimos, dolor facial at\u00edpico.<\/li>\n<li><strong>Neuropat\u00edas perif\u00e9ricas-diabetes<\/strong> mellitas, neuropat\u00edas por atrapamiento.<\/li>\n<li><strong>Dolores musculares<\/strong>, contracturas, s\u00edndrome miofascial, s\u00edndrome piriforme.<\/li>\n<li><strong>Dolor post amputaci\u00f3n<\/strong>: S\u00edndrome miembro fantasma.<\/li>\n<li><strong>Dolores de cabeza<\/strong> cervicog\u00e9nicos, tensionales, migra\u00f1as, en racimo.<\/li>\n<li><strong>Dolor oncol\u00f3gico<\/strong> generado por tumores malignos en cualquier localizaci\u00f3n del cuerpo. Organizaci\u00f3n y tratamiento paliativo hospitalario y a domicilio.<\/li>\n<\/ul>\n<\/div>\n<\/div><\/div><\/div><\/div><\/div><\/div><div class=\"g-cols wpb_row us_custom_4ffbf639 via_flex valign_top type_default stacking_default\"><div class=\"vc_col-sm-12 wpb_column vc_column_container has_bg_color\"><div class=\"vc_column-inner us_custom_4ffbf639\"><div class=\"wpb_wrapper\"><div class=\"wpb_text_column centrado destacado\"><div class=\"wpb_wrapper\"><div class=\"l-section-h i-cf\">La Unidad de Dolor de Cl\u00ednica CEMTRO cuenta con una <strong>gran experiencia<\/strong> en el tratamiento de dolor y aplica las <strong>t\u00e9cnicas m\u00e1s novedosas<\/strong><\/div>\n<\/div><\/div><\/div><\/div><\/div><\/div><div class=\"g-cols wpb_row via_flex valign_top type_default stacking_default\"><div class=\"vc_col-sm-12 wpb_column vc_column_container has_bg_color\"><div class=\"vc_column-inner us_custom_4fb9e5a3\"><div class=\"wpb_wrapper\"><div class=\"wpb_text_column centrado\"><div class=\"wpb_wrapper\"><div class=\"l-section-h i-cf\">\n<h2 class=\"subtitulo\" style=\"text-align: center;\">T\u00e9cnicas que realiza la Unidad del Dolor<\/h2>\n<ul>\n<li><strong>Bloqueos-inflitraciones epidurales<\/strong> en la columna cervical, toracica lumbar y sacra.<\/li>\n<li><strong>Bloqueos selectivos<\/strong> de ra\u00edces nerviosas centrales cervicales, tor\u00e1cicas, lumbares y de nervios perif\u00e9ricos.<\/li>\n<li><strong>Bloqueos de las articulaciones<\/strong> facetarias o zigapofisarias.<\/li>\n<li><strong>Procedimientos percut\u00e1neos<\/strong> para patolog\u00edas del discos intervertebrales cervicles, toracicos y lumbares: Discogel, Resadisc, ablaci\u00f3n por l\u00e1ser, discografia provocativa.<\/li>\n<li><strong>Denervaci\u00f3n por radiofrecuencia<\/strong>: Facetas, ganglios simp\u00e1ticos.<\/li>\n<li><strong>Neuroestimulaci\u00f3n medular y de nervios perif\u00e9ricos.<\/strong><\/li>\n<li><strong>Bloqueo o Radiofrecuencia<\/strong> del ganglio de Gasser en la Neuralgia del Trigemino, ganglio de la ra\u00edz dorsal.<\/li>\n<li><strong>Bloqueos y\/o denervaci\u00f3n de los ganglios<\/strong> simp\u00e1ticos lumbares, toracicos y del ganglio estrellado.<\/li>\n<li><strong>Bloqueos del plexo<\/strong> cervical, braquial, lumbar y lumbosacro.<\/li>\n<li><strong>Bloqueos intravenosos o simpaticolisis qu\u00edmica.<\/strong><\/li>\n<li><strong>Bloqueos y\/o denervaci\u00f3n del plexo<\/strong> celiaco o hipogastrico en c\u00e1nceres abdominales y p\u00e9lvicos y nervios espl\u00e1cnicos.<\/li>\n<li><strong>Inserci\u00f3n de bombas del dolor<\/strong> continuas en el espacio intratecal, epidural o intravenosas en el dolor oncol\u00f3gico.<\/li>\n<li><strong>Epiduroscopia diagnostica y terap\u00e9utica<\/strong>: Inserci\u00f3n de una fibra \u00f3ptica en el espacio epidural mediante abordaje caudal.<\/li>\n<li><strong>Administraci\u00f3n intravenosa<\/strong> de analgesicos bajo monitorizaci\u00f3n completa.<\/li>\n<li><strong>Colocaci\u00f3n de parches de Qutenza<\/strong> para aliviar el dolor del S. de Dolor regional complejo (o S. Sudeck).<\/li>\n<\/ul>\n<h2 class=\"subtitulo\" style=\"text-align: center;\">L\u00edneas de investigaci\u00f3n<\/h2>\n<ul>\n<li>Mecanismos <strong>fisiopatol\u00f3gicos<\/strong> y tratamiento del dolor <strong>neurop\u00e1tico.<\/strong><\/li>\n<li><strong>Epiduroscopia minimamente invasiva<\/strong> apliacada a patolog\u00edas de la columna.<\/li>\n<li><strong>Opiaceos y medicamentos coadyuvantes<\/strong> en el dolor oncol\u00f3gico.<\/li>\n<li><strong>Neuroaugmentaci\u00f3n central y perif\u00e9rica.<\/strong><\/li>\n<\/ul>\n<h2 class=\"subtitulo\" style=\"text-align: center;\">Contacto<\/h2>\n<p>Tel\u00e9fono de contacto: 91 735 57 57<\/p>\n<\/div>\n<\/div><\/div><\/div><\/div><\/div><\/div><div class=\"g-cols wpb_row via_flex valign_middle type_boxes stacking_default\"><div class=\"vc_col-sm-6 wpb_column vc_column_container has_bg_color\"><div class=\"vc_column-inner us_custom_ccc83f90\"><div class=\"wpb_wrapper\"><div class=\"w-separator size_custom\" style=\"height:250px\"><\/div><\/div><\/div><\/div><div class=\"vc_col-sm-6 wpb_column vc_column_container has_bg_color\"><div class=\"vc_column-inner us_custom_4ffbf639\"><div class=\"wpb_wrapper\"><div class=\"wpb_text_column equipo\"><div class=\"wpb_wrapper\"><h2 class=\"subtitulo\" style=\"text-align: center;\">Equipo de Unidad del Dolor<\/h2>\n<p><i class=\"fa fa-arrow-right azul\" aria-hidden=\"true\"><\/i><a href=\"https:\/\/www.clinicacemtro.com\/medicos\/ian-macveigh-escardo\/\">Dr. Ian McVeigh Escardo<\/a><br \/>\n<i class=\"fa fa-arrow-right azul\" aria-hidden=\"true\"><\/i><a href=\"https:\/\/www.clinicacemtro.com\/medicos\/ma-elena-diaz-navarro\/\">Dra. M\u00aa Elena D\u00edaz Navarro<\/a><br \/>\n<i class=\"fa fa-arrow-right azul\" aria-hidden=\"true\"><\/i><a href=\"https:\/\/www.clinicacemtro.com\/medicos\/javier-lucena-delgado\/\">Dr. Javier Lucena Delgado<\/a><br \/>\n<i class=\"fa fa-arrow-right azul\" aria-hidden=\"true\"><\/i>Dra. Romana Helena Wojcikiewicz Golebska<br \/>\n<i class=\"fa fa-arrow-right azul\" aria-hidden=\"true\"><\/i>Dra. Sandra Helena Mart\u00ednez Rodr\u00edguez<\/p>\n<\/div><\/div><\/div><\/div><\/div><\/div><\/div><\/div><\/div><\/div><\/div><\/div><\/div><\/div><\/div><\/div><\/section><section class=\"l-section wpb_row height_medium width_full\"><div class=\"l-section-h i-cf\"><div class=\"g-cols vc_row via_flex valign_top type_default stacking_default\"><div class=\"vc_col-sm-12 wpb_column vc_column_container\"><div class=\"vc_column-inner\"><div class=\"wpb_wrapper\"><div class=\"wpb_text_column us_custom_8535c5f4 centrado\"><div class=\"wpb_wrapper\"><div class=\"l-section-h i-cf\">\n<h2 class=\"subtitulo\" style=\"text-align: center;\">\u00daltimas Noticias<\/h2>\n<\/div>\n<\/div><\/div><div class=\"w-grid us_custom_6746e154 type_grid layout_19733 cols_2\" id=\"us_grid_1\" style=\"--columns:2;--gap:1.5rem;\" data-filterable=\"true\"><style>@media (max-width:600px){#us_grid_1{--columns:1!important}}.layout_19733 .w-grid-item-h{}.layout_19733 .usg_hwrapper_1{margin-bottom:50!important;padding-top:20PX!important;padding-bottom:50PX!important}.layout_19733 .usg_vwrapper_1{width:40%!important;padding-right:20px!important}.layout_19733 .usg_vwrapper_2{width:60%!important}@media (min-width:601px) and (max-width:1024px){.layout_19733 .usg_vwrapper_1{width:40%!important;padding-right:20px!important}.layout_19733 .usg_vwrapper_2{width:60%!important}}@media (max-width:600px){.layout_19733 .usg_vwrapper_1{width:100%!important;padding-right:0!important}.layout_19733 .usg_vwrapper_2{width:100%!important}}<\/style><div class=\"w-grid-list\">\t<article class=\"w-grid-item size_1x1 post-50540 post type-post status-publish format-standard has-post-thumbnail hentry category-noticias-en tag-atletismo-en tag-campeonato-europeo-por-equipoos tag-deporte-en tag-rfea\" data-id=\"50540\">\r\n\t\t<div class=\"w-grid-item-h\">\r\n\t\t\t\t\t\t<div class=\"w-hwrapper usg_hwrapper_1 align_left valign_top\"><div class=\"w-vwrapper usg_vwrapper_1 align_left valign_top\"><div class=\"w-post-elm post_image usg_post_image_1 stretched\"><a href=\"https:\/\/www.clinicacemtro.com\/en\/cnecs-clinica-cemtro-dra-guerra\/\" aria-label=\"Dra. Mercedes Guerra Requena, nueva presidenta del Consejo Nacional de Especialidades en Ciencias de la Salud\"><img loading=\"lazy\" decoding=\"async\" width=\"600\" height=\"600\" src=\"https:\/\/www.clinicacemtro.com\/wp-content\/uploads\/2025\/08\/IMG_4601-1024x768-dra-mercedes-guerra-presidente-600x600.jpg\" class=\"attachment-us_600_600_crop size-us_600_600_crop wp-post-image\" alt=\"\" srcset=\"https:\/\/www.clinicacemtro.com\/wp-content\/uploads\/2025\/08\/IMG_4601-1024x768-dra-mercedes-guerra-presidente-600x600.jpg 600w, https:\/\/www.clinicacemtro.com\/wp-content\/uploads\/2025\/08\/IMG_4601-1024x768-dra-mercedes-guerra-presidente-150x150.jpg 150w, https:\/\/www.clinicacemtro.com\/wp-content\/uploads\/2025\/08\/IMG_4601-1024x768-dra-mercedes-guerra-presidente-350x350.jpg 350w\" sizes=\"auto, (max-width: 600px) 100vw, 600px\" \/><\/a><\/div><\/div><div class=\"w-vwrapper usg_vwrapper_2 align_left valign_top\"><h2 class=\"w-post-elm post_title usg_post_title_2 entry-title color_link_inherit\"><a href=\"https:\/\/www.clinicacemtro.com\/en\/cnecs-clinica-cemtro-dra-guerra\/\">Dra. Mercedes Guerra Requena, nueva presidenta del Consejo Nacional de Especialidades en Ciencias de la Salud<\/a><\/h2><div class=\"w-post-elm post_content usg_post_content_2\">La actual jefa de la Unidad de Angiolog\u00eda, Cirug\u00eda Vascular y Endovascular de Cl\u00ednica CEMTRO ha sido nombrada presidenta del m\u00e1ximo \u00f3rgano asesor del Ministerio de Sanidad en formaci\u00f3n sanitaria especializada. La Dra. Mercedes Guerra Requena, jefa de la Unidad&hellip;<\/div><\/div><\/div>\t\t<\/div>\r\n\t\t\t<\/article>\r\n\t<article class=\"w-grid-item size_1x1 post-50325 post type-post status-publish format-standard has-post-thumbnail hentry category-noticias-en tag-atletismo-en tag-campeonato-europeo-por-equipoos tag-deporte-en tag-rfea\" data-id=\"50325\">\r\n\t\t<div class=\"w-grid-item-h\">\r\n\t\t\t\t\t\t<div class=\"w-hwrapper usg_hwrapper_1 align_left valign_top\"><div class=\"w-vwrapper usg_vwrapper_1 align_left valign_top\"><div class=\"w-post-elm post_image usg_post_image_1 stretched\"><a href=\"https:\/\/www.clinicacemtro.com\/en\/servicios-medicos-rfea-europeo-madrid-2025\/\" aria-label=\"Cl\u00ednica CEMTRO, colaborador de los servicios m\u00e9dicos de la RFEA durante el Campeonato Europeo por Equipos Madrid 2025\"><img loading=\"lazy\" decoding=\"async\" width=\"600\" height=\"600\" src=\"https:\/\/www.clinicacemtro.com\/wp-content\/uploads\/2025\/06\/equipo-atletismo-600x600.jpg\" class=\"attachment-us_600_600_crop size-us_600_600_crop wp-post-image\" alt=\"\" srcset=\"https:\/\/www.clinicacemtro.com\/wp-content\/uploads\/2025\/06\/equipo-atletismo-600x600.jpg 600w, https:\/\/www.clinicacemtro.com\/wp-content\/uploads\/2025\/06\/equipo-atletismo-150x150.jpg 150w, https:\/\/www.clinicacemtro.com\/wp-content\/uploads\/2025\/06\/equipo-atletismo-350x350.jpg 350w\" sizes=\"auto, (max-width: 600px) 100vw, 600px\" \/><\/a><\/div><\/div><div class=\"w-vwrapper usg_vwrapper_2 align_left valign_top\"><h2 class=\"w-post-elm post_title usg_post_title_2 entry-title color_link_inherit\"><a href=\"https:\/\/www.clinicacemtro.com\/en\/servicios-medicos-rfea-europeo-madrid-2025\/\">Cl\u00ednica CEMTRO, colaborador de los servicios m\u00e9dicos de la RFEA durante el Campeonato Europeo por Equipos Madrid 2025<\/a><\/h2><div class=\"w-post-elm post_content usg_post_content_2\">Cl\u00ednica CEMTRO colabora como parte del equipo de servicios m\u00e9dicos de la Real Federaci\u00f3n Espa\u00f1ola de Atletismo (RFEA) en el marco del Campeonato Europeo de Atletismo por Equipos Madrid 2025, que se celebrar\u00e1 del 26 al 29 de junio en&hellip;<\/div><\/div><\/div>\t\t<\/div>\r\n\t\t\t<\/article>\r\n<\/div><div class=\"w-grid-preloader\">\t<div class=\"g-preloader type_1\">\r\n\t\t<div><\/div>\r\n\t<\/div>\r\n\t<\/div>\t<div class=\"w-grid-json hidden\" onclick='return {&quot;action&quot;:&quot;us_ajax_grid&quot;,&quot;infinite_scroll&quot;:0,&quot;max_num_pages&quot;:14,&quot;pagination&quot;:&quot;none&quot;,&quot;template_vars&quot;:{&quot;columns&quot;:&quot;2&quot;,&quot;exclude_items&quot;:&quot;none&quot;,&quot;img_size&quot;:&quot;default&quot;,&quot;ignore_items_size&quot;:0,&quot;items_layout&quot;:&quot;19733&quot;,&quot;items_offset&quot;:&quot;1&quot;,&quot;load_animation&quot;:&quot;none&quot;,&quot;overriding_link&quot;:&quot;{\\&quot;url\\&quot;:\\&quot;\\&quot;}&quot;,&quot;post_id&quot;:0,&quot;query_args&quot;:{&quot;post_type&quot;:[&quot;post&quot;],&quot;post_status&quot;:[&quot;publish&quot;,&quot;acf-disabled&quot;],&quot;posts_per_page&quot;:&quot;2&quot;},&quot;orderby_query_args&quot;:{&quot;orderby&quot;:{&quot;date&quot;:&quot;DESC&quot;}},&quot;type&quot;:&quot;grid&quot;,&quot;us_grid_post_type&quot;:&quot;post&quot;,&quot;us_grid_ajax_index&quot;:1,&quot;us_grid_filter_query_string&quot;:null,&quot;us_grid_index&quot;:1,&quot;page_args&quot;:[],&quot;lang&quot;:&quot;en&quot;}}'><\/div>\r\n\t<\/div><\/div><\/div><\/div><\/div><\/div><\/section>\n","protected":false},"excerpt":{"rendered":"Cl\u00ednica CEMTRO colabora como parte del equipo de servicios m\u00e9dicos de la Real Federaci\u00f3n Espa\u00f1ola de Atletismo (RFEA) en el marco del Campeonato Europeo de Atletismo por Equipos Madrid 2025, que se celebrar\u00e1 del 26 al 29 de junio en el Estadio Vallehermoso.\u00a0 Este evento internacional, organizado por European Athletics y la RFEA, reunir\u00e1 a...","protected":false},"author":1,"featured_media":0,"parent":12254,"menu_order":0,"comment_status":"closed","ping_status":"closed","template":"","meta":{"inline_featured_image":false,"footnotes":""},"class_list":["post-12156","page","type-page","status-publish","hentry"],"acf":[],"yoast_head":"<!-- This site is optimized with the Yoast SEO plugin v27.3 - https:\/\/yoast.com\/product\/yoast-seo-wordpress\/ -->\n<title>Tratamiento del Dolor | Cl\u00ednica CEMTRO<\/title>\n<meta name=\"description\" content=\"La Unidad de Tratamiento del Dolor realiza los procedimientos percut\u00e1neos con monitorizaci\u00f3n compleja con ayuda de scanner para mejor localizaci\u00f3n\" \/>\n<meta name=\"robots\" content=\"index, follow, max-snippet:-1, max-image-preview:large, max-video-preview:-1\" \/>\n<link rel=\"canonical\" href=\"https:\/\/www.clinicacemtro.com\/en\/other-specialties\/tratamiento-del-dolor\/\" \/>\n<meta property=\"og:locale\" content=\"en_US\" \/>\n<meta property=\"og:type\" content=\"article\" \/>\n<meta property=\"og:title\" content=\"Tratamiento del Dolor | Cl\u00ednica CEMTRO\" \/>\n<meta property=\"og:description\" content=\"La Unidad de Tratamiento del Dolor realiza los procedimientos percut\u00e1neos con monitorizaci\u00f3n compleja con ayuda de scanner para mejor localizaci\u00f3n\" \/>\n<meta property=\"og:url\" content=\"https:\/\/www.clinicacemtro.com\/en\/other-specialties\/tratamiento-del-dolor\/\" \/>\n<meta property=\"og:site_name\" content=\"Cl\u00ednica CEMTRO\" \/>\n<meta property=\"article:modified_time\" content=\"2024-07-29T12:50:07+00:00\" \/>\n<meta name=\"twitter:card\" content=\"summary_large_image\" \/>\n<meta name=\"twitter:label1\" content=\"Est. reading time\" \/>\n\t<meta name=\"twitter:data1\" content=\"4 minutes\" \/>\n<script type=\"application\/ld+json\" class=\"yoast-schema-graph\">{\"@context\":\"https:\\\/\\\/schema.org\",\"@graph\":[{\"@type\":\"WebPage\",\"@id\":\"https:\\\/\\\/www.clinicacemtro.com\\\/en\\\/other-specialties\\\/tratamiento-del-dolor\\\/\",\"url\":\"https:\\\/\\\/www.clinicacemtro.com\\\/en\\\/other-specialties\\\/tratamiento-del-dolor\\\/\",\"name\":\"Tratamiento del Dolor | Cl\u00ednica CEMTRO\",\"isPartOf\":{\"@id\":\"https:\\\/\\\/www.clinicacemtro.com\\\/en\\\/#website\"},\"datePublished\":\"2018-01-23T12:42:44+00:00\",\"dateModified\":\"2024-07-29T12:50:07+00:00\",\"description\":\"La Unidad de Tratamiento del Dolor realiza los procedimientos percut\u00e1neos con monitorizaci\u00f3n compleja con ayuda de scanner para mejor localizaci\u00f3n\",\"breadcrumb\":{\"@id\":\"https:\\\/\\\/www.clinicacemtro.com\\\/en\\\/other-specialties\\\/tratamiento-del-dolor\\\/#breadcrumb\"},\"inLanguage\":\"en-US\",\"potentialAction\":[{\"@type\":\"ReadAction\",\"target\":[\"https:\\\/\\\/www.clinicacemtro.com\\\/en\\\/other-specialties\\\/tratamiento-del-dolor\\\/\"]}]},{\"@type\":\"BreadcrumbList\",\"@id\":\"https:\\\/\\\/www.clinicacemtro.com\\\/en\\\/other-specialties\\\/tratamiento-del-dolor\\\/#breadcrumb\",\"itemListElement\":[{\"@type\":\"ListItem\",\"position\":1,\"name\":\"Other Specialties\",\"item\":\"https:\\\/\\\/www.clinicacemtro.com\\\/en\\\/other-specialties\\\/\"},{\"@type\":\"ListItem\",\"position\":2,\"name\":\"Tratamiento del dolor\"}]},{\"@type\":\"WebSite\",\"@id\":\"https:\\\/\\\/www.clinicacemtro.com\\\/en\\\/#website\",\"url\":\"https:\\\/\\\/www.clinicacemtro.com\\\/en\\\/\",\"name\":\"Cl\u00ednica CEMTRO\",\"description\":\"\",\"alternateName\":\"Cl\u00ednica CEMTRO\",\"potentialAction\":[{\"@type\":\"SearchAction\",\"target\":{\"@type\":\"EntryPoint\",\"urlTemplate\":\"https:\\\/\\\/www.clinicacemtro.com\\\/en\\\/?s={search_term_string}\"},\"query-input\":{\"@type\":\"PropertyValueSpecification\",\"valueRequired\":true,\"valueName\":\"search_term_string\"}}],\"inLanguage\":\"en-US\"}]}<\/script>\n<!-- \/ Yoast SEO plugin. -->","yoast_head_json":{"title":"Tratamiento del Dolor | Cl\u00ednica CEMTRO","description":"La Unidad de Tratamiento del Dolor realiza los procedimientos percut\u00e1neos con monitorizaci\u00f3n compleja con ayuda de scanner para mejor localizaci\u00f3n","robots":{"index":"index","follow":"follow","max-snippet":"max-snippet:-1","max-image-preview":"max-image-preview:large","max-video-preview":"max-video-preview:-1"},"canonical":"https:\/\/www.clinicacemtro.com\/en\/other-specialties\/tratamiento-del-dolor\/","og_locale":"en_US","og_type":"article","og_title":"Tratamiento del Dolor | Cl\u00ednica CEMTRO","og_description":"La Unidad de Tratamiento del Dolor realiza los procedimientos percut\u00e1neos con monitorizaci\u00f3n compleja con ayuda de scanner para mejor localizaci\u00f3n","og_url":"https:\/\/www.clinicacemtro.com\/en\/other-specialties\/tratamiento-del-dolor\/","og_site_name":"Cl\u00ednica CEMTRO","article_modified_time":"2024-07-29T12:50:07+00:00","twitter_card":"summary_large_image","twitter_misc":{"Est. reading time":"4 minutes"},"schema":{"@context":"https:\/\/schema.org","@graph":[{"@type":"WebPage","@id":"https:\/\/www.clinicacemtro.com\/en\/other-specialties\/tratamiento-del-dolor\/","url":"https:\/\/www.clinicacemtro.com\/en\/other-specialties\/tratamiento-del-dolor\/","name":"Tratamiento del Dolor | Cl\u00ednica CEMTRO","isPartOf":{"@id":"https:\/\/www.clinicacemtro.com\/en\/#website"},"datePublished":"2018-01-23T12:42:44+00:00","dateModified":"2024-07-29T12:50:07+00:00","description":"La Unidad de Tratamiento del Dolor realiza los procedimientos percut\u00e1neos con monitorizaci\u00f3n compleja con ayuda de scanner para mejor localizaci\u00f3n","breadcrumb":{"@id":"https:\/\/www.clinicacemtro.com\/en\/other-specialties\/tratamiento-del-dolor\/#breadcrumb"},"inLanguage":"en-US","potentialAction":[{"@type":"ReadAction","target":["https:\/\/www.clinicacemtro.com\/en\/other-specialties\/tratamiento-del-dolor\/"]}]},{"@type":"BreadcrumbList","@id":"https:\/\/www.clinicacemtro.com\/en\/other-specialties\/tratamiento-del-dolor\/#breadcrumb","itemListElement":[{"@type":"ListItem","position":1,"name":"Other Specialties","item":"https:\/\/www.clinicacemtro.com\/en\/other-specialties\/"},{"@type":"ListItem","position":2,"name":"Tratamiento del dolor"}]},{"@type":"WebSite","@id":"https:\/\/www.clinicacemtro.com\/en\/#website","url":"https:\/\/www.clinicacemtro.com\/en\/","name":"Cl\u00ednica CEMTRO","description":"","alternateName":"Cl\u00ednica CEMTRO","potentialAction":[{"@type":"SearchAction","target":{"@type":"EntryPoint","urlTemplate":"https:\/\/www.clinicacemtro.com\/en\/?s={search_term_string}"},"query-input":{"@type":"PropertyValueSpecification","valueRequired":true,"valueName":"search_term_string"}}],"inLanguage":"en-US"}]}},"post_mailing_queue_ids":[],"_links":{"self":[{"href":"https:\/\/www.clinicacemtro.com\/en\/wp-json\/wp\/v2\/pages\/12156","targetHints":{"allow":["GET"]}}],"collection":[{"href":"https:\/\/www.clinicacemtro.com\/en\/wp-json\/wp\/v2\/pages"}],"about":[{"href":"https:\/\/www.clinicacemtro.com\/en\/wp-json\/wp\/v2\/types\/page"}],"author":[{"embeddable":true,"href":"https:\/\/www.clinicacemtro.com\/en\/wp-json\/wp\/v2\/users\/1"}],"replies":[{"embeddable":true,"href":"https:\/\/www.clinicacemtro.com\/en\/wp-json\/wp\/v2\/comments?post=12156"}],"version-history":[{"count":0,"href":"https:\/\/www.clinicacemtro.com\/en\/wp-json\/wp\/v2\/pages\/12156\/revisions"}],"up":[{"embeddable":true,"href":"https:\/\/www.clinicacemtro.com\/en\/wp-json\/wp\/v2\/pages\/12254"}],"wp:attachment":[{"href":"https:\/\/www.clinicacemtro.com\/en\/wp-json\/wp\/v2\/media?parent=12156"}],"curies":[{"name":"wp","href":"https:\/\/api.w.org\/{rel}","templated":true}]}}