{"id":12114,"date":"2018-01-23T11:32:11","date_gmt":"2018-01-23T11:32:11","guid":{"rendered":"https:\/\/clinicacemtro.com\/cardiologia\/"},"modified":"2026-04-14T12:05:18","modified_gmt":"2026-04-14T10:05:18","slug":"cardiologia","status":"publish","type":"page","link":"https:\/\/www.clinicacemtro.com\/en\/other-specialties\/cardiologia\/","title":{"rendered":"Cardiolog\u00eda"},"content":{"rendered":"<section class=\"l-section wpb_row us_custom_af6a9b6a height_medium\"><div class=\"l-section-overlay\" style=\"background:#0059a3\"><\/div><div class=\"l-section-h i-cf\"><div class=\"g-cols vc_row via_flex valign_middle type_default stacking_default\"><div class=\"vc_col-sm-4 wpb_column vc_column_container\"><div class=\"vc_column-inner\"><div class=\"wpb_wrapper\"><div class=\"w-image align_center\"><div class=\"w-image-h\"><img decoding=\"async\" width=\"250\" height=\"250\" src=\"https:\/\/www.clinicacemtro.com\/wp-content\/uploads\/2019\/12\/Cardiologia_Clinica_CEMTRO.png\" class=\"attachment-full size-full\" alt=\"Cardiologia Clinica CEMTRO\" loading=\"lazy\" srcset=\"https:\/\/www.clinicacemtro.com\/wp-content\/uploads\/2019\/12\/Cardiologia_Clinica_CEMTRO.png 250w, https:\/\/www.clinicacemtro.com\/wp-content\/uploads\/2019\/12\/Cardiologia_Clinica_CEMTRO-150x150.png 150w\" sizes=\"auto, (max-width: 250px) 100vw, 250px\" \/><\/div><\/div><\/div><\/div><\/div><div class=\"vc_col-sm-8 wpb_column vc_column_container\"><div class=\"vc_column-inner\"><div class=\"wpb_wrapper\"><div class=\"wpb_text_column titlec\"><div class=\"wpb_wrapper\"><h1 class=\"titulo\">Cardiolog\u00eda<\/h1>\n<p>El Cardi\u00f3logo es el profesional de la Medicina con la preparaci\u00f3n espec\u00edfica para diagnosticar y tratar a pacientes con problemas cardiovasculares.<\/p>\n<\/div><\/div><\/div><\/div><\/div><\/div><\/div><\/section><section class=\"l-section wpb_row height_auto width_full\"><div class=\"l-section-h i-cf\"><div class=\"g-cols vc_row via_flex valign_top type_default stacking_default\"><div class=\"vc_col-sm-12 wpb_column vc_column_container\"><div class=\"vc_column-inner\"><div class=\"wpb_wrapper\"><div class=\"w-tabs layout_hor style_trendy switch_click has_scrolling\" style=\"--sections-title-size:20px\"><div class=\"w-tabs-list items_1 align_justify\" style=\"text-transform:uppercase;\"><div class=\"w-tabs-list-h\"><button class=\"w-tabs-item active\" aria-controls=\"content-1512405576780-ae4e160d-9616\" aria-expanded=\"false\"><span class=\"w-tabs-item-title\">PRESENTACI\u00d3N<\/span><\/button><\/div><\/div><div class=\"w-tabs-sections titles-align_none icon_chevron cpos_right\"><div class=\"w-tabs-section no_indents active\" id=\"1512405576780-ae4e160d-9616\"><button class=\"w-tabs-section-header active\" aria-controls=\"content-1512405576780-ae4e160d-9616\" aria-expanded=\"true\"><div class=\"w-tabs-section-title\">PRESENTACI\u00d3N<\/div><div class=\"w-tabs-section-control\"><\/div><\/button><div  class=\"w-tabs-section-content\" id=\"content-1512405576780-ae4e160d-9616\"><div class=\"w-tabs-section-content-h i-cf\"><div class=\"g-cols wpb_row via_flex valign_top type_default stacking_default\"><div class=\"vc_col-sm-12 wpb_column vc_column_container has_bg_color\"><div class=\"vc_column-inner us_custom_4fb9e5a3\"><div class=\"wpb_wrapper\"><div class=\"wpb_text_column centrado\"><div class=\"wpb_wrapper\"><div class=\"l-section-h i-cf\">\n<h2 class=\"subtitulo\" style=\"text-align: center;\">Cardiolog\u00eda<\/h2>\n<p style=\"text-align: left;\"><strong>Las enfermedades cardiovasculares siguen siendo la primera causa de muerte en el mundo.<\/strong>\u00a0 Este es el caso tambi\u00e9n para Espa\u00f1a,\u00a0 por encima de otras patolog\u00edas como el c\u00e1ncer,\u00a0 las enfermedades infecciosas o los accidentes de tr\u00e1fico<\/p>\n<p style=\"text-align: left;\">Dentro del grupo de enfermedades circulatorias, las enfermedades isqu\u00e9micas del coraz\u00f3n (infarto o angina de pecho) siguen ocupando el primer lugar en n\u00famero de defunciones. Esto se debe, fundamentalmente, a la <strong>elevada presencia de\u00a0 factores de riesgo cardiovascular, como el tabaco, la hipertensi\u00f3n, la diabetes o el colesterol.<\/strong>\u00a0 El aumento del estr\u00e9s y la falta de h\u00e1bitos saludables explican el incremento de las enfermedades circulatorias, las isqu\u00e9micas del coraz\u00f3n y las cerebrovasculares, as\u00ed como el aumento considerable entre las mujeres por su acceso cada vez mayor a puestos de trabajo de responsabilidad y con mayor estr\u00e9s.<\/p>\n<p style=\"text-align: left;\"><strong>La enfermedad coronaria o cardiopat\u00eda isqu\u00e9mica es la m\u00e1s frecuente<\/strong>, la causa de m\u00e1s del 30% de la mortalidad cardiovascular. En el caso de las arritmias, m\u00e1s del 4% de los espa\u00f1oles mayores de 40 a\u00f1os sufren fibrilaci\u00f3n auricular, que es la arritmia m\u00e1s frecuente.<\/p>\n<p style=\"text-align: left;\"><strong>Los s\u00edntomas m\u00e1s frecuentes de las enfermedades cardiacas <\/strong>que nos deben alertar son dolor u opresi\u00f3n tor\u00e1cica con el esfuerzo o en reposo, aceleraci\u00f3n del coraz\u00f3n o latidos irregulares, mareo o p\u00e9rdida del conocimiento, cansancio excesivo o sensaci\u00f3n de falta de aire, hinchaz\u00f3n de los pies.<\/p>\n<p style=\"text-align: left;\"><strong>La cardiolog\u00eda cl\u00ednica constituye el cimiento en donde se apoya la especialidad.<\/strong> La innovaci\u00f3n creciente de las pruebas diagn\u00f3sticas, en especial las de imagen, recalcan aun m\u00e1s si cabe su importancia, ya que es el Cardi\u00f3logo Cl\u00ednico qui\u00e9n ha de integrar la informaci\u00f3n de la cl\u00ednica con las pruebas complementarias.<\/p>\n<\/div>\n<\/div><\/div><\/div><\/div><\/div><\/div><div class=\"g-cols wpb_row us_custom_4ffbf639 via_flex valign_top type_default stacking_default\"><div class=\"vc_col-sm-12 wpb_column vc_column_container has_bg_color\"><div class=\"vc_column-inner us_custom_4ffbf639\"><div class=\"wpb_wrapper\"><div class=\"wpb_text_column centrado destacado\"><div class=\"wpb_wrapper\"><div class=\"l-section-h i-cf\">\n<p>La <a href=\"https:\/\/www.clinicacemtro.com\/\">Cl\u00ednica CEMTRO<\/a> dispone de <strong>los mejores profesionales<\/strong> para acometer esta tarea. <strong>Nuestro trabajo se centra en el paciente<\/strong>, tratando de ofrecerle las mejores t\u00e9cnicas diagn\u00f3sticas, los mejores tratamientos y un trato personalizado.<\/p>\n<\/div>\n<\/div><\/div><\/div><\/div><\/div><\/div><div class=\"g-cols wpb_row via_flex valign_top type_default stacking_default\"><div class=\"vc_col-sm-12 wpb_column vc_column_container has_bg_color\"><div class=\"vc_column-inner us_custom_4fb9e5a3\"><div class=\"wpb_wrapper\"><div class=\"wpb_text_column centrado\"><div class=\"wpb_wrapper\"><div class=\"l-section-h i-cf\">\n<h2 class=\"subtitulo\" style=\"text-align: center;\">T\u00e9cnicas de Diagn\u00f3stico<\/h2>\n<ul>\n<li><strong>Electrocardiograma.<\/strong><\/li>\n<li><strong>Ecocardiograma bidimensional-Doppler color<\/strong>, para el estudio de la anatom\u00eda y funci\u00f3n card\u00edacas.<\/li>\n<li><strong>Ergometr\u00eda<\/strong> (Prueba de esfuerzo, para el detecci\u00f3n de la isquemia coronaria).<\/li>\n<li><strong>Ecocardiograma de esfuerzo y de estr\u00e9s farmacol\u00f3gico<\/strong> (Dobutamina, Dipiridamol), para detecci\u00f3n de problemas coronarios<\/li>\n<li><strong>Ecocardiograf\u00eda transesof\u00e1gica<\/strong>, con sedaci\u00f3n: para mejor evaluaci\u00f3n de lesiones valvulares, masas cardiacas, comunicaci\u00f3n de cavidades,\u2026<\/li>\n<li><strong>Ecocardiograma con contraste<\/strong>, para mejor visualizaci\u00f3n de masas cardiacas, detecci\u00f3n de bordes, foramen oval permeable<\/li>\n<li><strong>Estudio de arritmias con Holter ECG o de ritmo<\/strong> (Estudio electrocardiogr\u00e1fico de 24 o 48 horas)<\/li>\n<li><strong>Holter de Presi\u00f3n Arterial de 24 horas<\/strong> (Monitorizaci\u00f3n ambulatoria de la Presi\u00f3n Arterial), para el estudio de la tensi\u00f3n arterial del paciente.<\/li>\n<li><strong>Pruebas de Mesa Basculante<\/strong> para la evaluaci\u00f3n de los pacientes con s\u00edncope.<\/li>\n<\/ul>\n<h2 class=\"subtitulo\" style=\"text-align: center;\">Patolog\u00edas<\/h2>\n<ul>\n<li style=\"list-style-type: none;\">\n<ul>\n<li>Evaluaci\u00f3n del <strong>dolor tor\u00e1cico.<\/strong><\/li>\n<li>Evaluaci\u00f3n del <strong>riesgo cardiovascular<\/strong>. En general, se recomienda una revisi\u00f3n cardiol\u00f3gica entre los 40 y los 45 a\u00f1os.<\/li>\n<li>Evaluaci\u00f3n <strong>preoperatoria.<\/strong><\/li>\n<li><strong>Enfermedad coronaria<\/strong> aguda y cr\u00f3nica (angina, infarto de miocardio).<\/li>\n<li><strong>Hipertensi\u00f3n arterial.<\/strong><\/li>\n<li>Alteraciones del <strong>colesterol y los l\u00edpidos.<\/strong><\/li>\n<li><strong>Insuficiencia card\u00edaca.<\/strong><\/li>\n<li><strong>Arritmias card\u00edacas.<\/strong><\/li>\n<li><strong>Miocardiopat\u00edas.<\/strong><\/li>\n<li>Enfermedades del <strong>pericardio.<\/strong><\/li>\n<li><strong>Lesiones valvulares.<\/strong><\/li>\n<li><strong>Endocarditis.<\/strong><\/li>\n<li><strong>Cardiopat\u00edas cong\u00e9nitas.<\/strong><\/li>\n<li><strong>Cardioversi\u00f3n el\u00e9ctrica.<\/strong><\/li>\n<li><strong>Evaluaci\u00f3n del sincope<\/strong> (p\u00e9rdida de conocimiento).<\/li>\n<\/ul>\n<\/li>\n<\/ul>\n<h2 class=\"subtitulo\" style=\"text-align: center;\">Reprogramaci\u00f3n\/medici\u00f3n de marcapasos<\/h2>\n<p style=\"text-align: left;\">El Servicio de Cardiolog\u00eda de Cl\u00ednica CEMTRO dispone de un espacio dedicado en exclusiva a la <strong>revisi\u00f3n de marcapasos<\/strong>. Es necesario que el paciente sea citado en Consulta de Cardiolog\u00eda\u00a0y ser\u00e1 el cardi\u00f3logo quien determine la necesidad de establecer una consulta espec\u00edfica de revisi\u00f3n del marcapasos.<\/p>\n<\/div>\n<\/div><\/div><\/div><\/div><\/div><\/div><div class=\"g-cols wpb_row via_flex valign_middle type_boxes stacking_default\"><div class=\"vc_col-sm-6 wpb_column vc_column_container has_bg_color\"><div class=\"vc_column-inner us_custom_df9bc6d7\"><div class=\"wpb_wrapper\"><div class=\"w-separator size_custom\" style=\"height:400px\"><\/div><\/div><\/div><\/div><div class=\"vc_col-sm-6 wpb_column vc_column_container has_bg_color\"><div class=\"vc_column-inner us_custom_4ffbf639\"><div class=\"wpb_wrapper\"><div class=\"wpb_text_column equipo\"><div class=\"wpb_wrapper\"><h2 class=\"subtitulo\" style=\"text-align: center;\">Equipo de Cardiolog\u00eda<\/h2>\n<h3>Jefe de Servicio<\/h3>\n<p><i class=\"fa fa-arrow-right azul\" aria-hidden=\"true\"><\/i><a href=\"https:\/\/www.clinicacemtro.com\/medicos\/miguel-perez-carasa-masa\/\">Dr. Miguel P\u00e9rez-Carasa Masa<\/a><\/p>\n<h3>Miembros del Servicio<\/h3>\n<p><i class=\"fa fa-arrow-right azul\" aria-hidden=\"true\"><\/i><a href=\"https:\/\/www.clinicacemtro.com\/medicos\/jesus-angel-perea-ejido\/\">Dr. Jes\u00fas \u00c1ngel Perea Ejido<\/a><\/p>\n<\/div><\/div><\/div><\/div><\/div><\/div><\/div><\/div><\/div><\/div><\/div><\/div><\/div><\/div><\/div><\/div><\/section><section class=\"l-section wpb_row height_medium width_full\"><div class=\"l-section-h i-cf\"><div class=\"g-cols vc_row via_flex valign_top type_default stacking_default\"><div class=\"vc_col-sm-12 wpb_column vc_column_container\"><div class=\"vc_column-inner\"><div class=\"wpb_wrapper\"><div class=\"wpb_text_column centrado\"><div class=\"wpb_wrapper\"><div class=\"l-section-h i-cf\">\n<h2 class=\"subtitulo\" style=\"text-align: center;\">\u00daltimas Noticias<\/h2>\n<\/div>\n<\/div><\/div><div class=\"w-grid us_custom_6746e154 type_grid layout_19733 cols_2\" id=\"us_grid_1\" style=\"--columns:2;--gap:1.5rem;\" data-filterable=\"true\"><style>@media (max-width:600px){#us_grid_1{--columns:1!important}}.layout_19733 .w-grid-item-h{}.layout_19733 .usg_hwrapper_1{margin-bottom:50!important;padding-top:20PX!important;padding-bottom:50PX!important}.layout_19733 .usg_vwrapper_1{width:40%!important;padding-right:20px!important}.layout_19733 .usg_vwrapper_2{width:60%!important}@media (min-width:601px) and (max-width:1024px){.layout_19733 .usg_vwrapper_1{width:40%!important;padding-right:20px!important}.layout_19733 .usg_vwrapper_2{width:60%!important}}@media (max-width:600px){.layout_19733 .usg_vwrapper_1{width:100%!important;padding-right:0!important}.layout_19733 .usg_vwrapper_2{width:100%!important}}<\/style><div class=\"w-grid-list\">\t<article class=\"w-grid-item size_1x1 post-50540 post type-post status-publish format-standard has-post-thumbnail hentry category-noticias-en tag-atletismo-en tag-campeonato-europeo-por-equipoos tag-deporte-en tag-rfea\" data-id=\"50540\">\r\n\t\t<div class=\"w-grid-item-h\">\r\n\t\t\t\t\t\t<div class=\"w-hwrapper usg_hwrapper_1 align_left valign_top\"><div class=\"w-vwrapper usg_vwrapper_1 align_left valign_top\"><div class=\"w-post-elm post_image usg_post_image_1 stretched\"><a href=\"https:\/\/www.clinicacemtro.com\/en\/cnecs-clinica-cemtro-dra-guerra\/\" aria-label=\"Dra. Mercedes Guerra Requena, nueva presidenta del Consejo Nacional de Especialidades en Ciencias de la Salud\"><img loading=\"lazy\" decoding=\"async\" width=\"600\" height=\"600\" src=\"https:\/\/www.clinicacemtro.com\/wp-content\/uploads\/2025\/08\/IMG_4601-1024x768-dra-mercedes-guerra-presidente-600x600.jpg\" class=\"attachment-us_600_600_crop size-us_600_600_crop wp-post-image\" alt=\"\" srcset=\"https:\/\/www.clinicacemtro.com\/wp-content\/uploads\/2025\/08\/IMG_4601-1024x768-dra-mercedes-guerra-presidente-600x600.jpg 600w, https:\/\/www.clinicacemtro.com\/wp-content\/uploads\/2025\/08\/IMG_4601-1024x768-dra-mercedes-guerra-presidente-150x150.jpg 150w, https:\/\/www.clinicacemtro.com\/wp-content\/uploads\/2025\/08\/IMG_4601-1024x768-dra-mercedes-guerra-presidente-350x350.jpg 350w\" sizes=\"auto, (max-width: 600px) 100vw, 600px\" \/><\/a><\/div><\/div><div class=\"w-vwrapper usg_vwrapper_2 align_left valign_top\"><h2 class=\"w-post-elm post_title usg_post_title_2 entry-title color_link_inherit\"><a href=\"https:\/\/www.clinicacemtro.com\/en\/cnecs-clinica-cemtro-dra-guerra\/\">Dra. Mercedes Guerra Requena, nueva presidenta del Consejo Nacional de Especialidades en Ciencias de la Salud<\/a><\/h2><div class=\"w-post-elm post_content usg_post_content_2\">La actual jefa de la Unidad de Angiolog\u00eda, Cirug\u00eda Vascular y Endovascular de Cl\u00ednica CEMTRO ha sido nombrada presidenta del m\u00e1ximo \u00f3rgano asesor del Ministerio de Sanidad en formaci\u00f3n sanitaria especializada. La Dra. Mercedes Guerra Requena, jefa de la Unidad&hellip;<\/div><\/div><\/div>\t\t<\/div>\r\n\t\t\t<\/article>\r\n\t<article class=\"w-grid-item size_1x1 post-50325 post type-post status-publish format-standard has-post-thumbnail hentry category-noticias-en tag-atletismo-en tag-campeonato-europeo-por-equipoos tag-deporte-en tag-rfea\" data-id=\"50325\">\r\n\t\t<div class=\"w-grid-item-h\">\r\n\t\t\t\t\t\t<div class=\"w-hwrapper usg_hwrapper_1 align_left valign_top\"><div class=\"w-vwrapper usg_vwrapper_1 align_left valign_top\"><div class=\"w-post-elm post_image usg_post_image_1 stretched\"><a href=\"https:\/\/www.clinicacemtro.com\/en\/servicios-medicos-rfea-europeo-madrid-2025\/\" aria-label=\"Cl\u00ednica CEMTRO, colaborador de los servicios m\u00e9dicos de la RFEA durante el Campeonato Europeo por Equipos Madrid 2025\"><img loading=\"lazy\" decoding=\"async\" width=\"600\" height=\"600\" src=\"https:\/\/www.clinicacemtro.com\/wp-content\/uploads\/2025\/06\/equipo-atletismo-600x600.jpg\" class=\"attachment-us_600_600_crop size-us_600_600_crop wp-post-image\" alt=\"\" srcset=\"https:\/\/www.clinicacemtro.com\/wp-content\/uploads\/2025\/06\/equipo-atletismo-600x600.jpg 600w, https:\/\/www.clinicacemtro.com\/wp-content\/uploads\/2025\/06\/equipo-atletismo-150x150.jpg 150w, https:\/\/www.clinicacemtro.com\/wp-content\/uploads\/2025\/06\/equipo-atletismo-350x350.jpg 350w\" sizes=\"auto, (max-width: 600px) 100vw, 600px\" \/><\/a><\/div><\/div><div class=\"w-vwrapper usg_vwrapper_2 align_left valign_top\"><h2 class=\"w-post-elm post_title usg_post_title_2 entry-title color_link_inherit\"><a href=\"https:\/\/www.clinicacemtro.com\/en\/servicios-medicos-rfea-europeo-madrid-2025\/\">Cl\u00ednica CEMTRO, colaborador de los servicios m\u00e9dicos de la RFEA durante el Campeonato Europeo por Equipos Madrid 2025<\/a><\/h2><div class=\"w-post-elm post_content usg_post_content_2\">Cl\u00ednica CEMTRO colabora como parte del equipo de servicios m\u00e9dicos de la Real Federaci\u00f3n Espa\u00f1ola de Atletismo (RFEA) en el marco del Campeonato Europeo de Atletismo por Equipos Madrid 2025, que se celebrar\u00e1 del 26 al 29 de junio en&hellip;<\/div><\/div><\/div>\t\t<\/div>\r\n\t\t\t<\/article>\r\n<\/div><div class=\"w-grid-preloader\">\t<div class=\"g-preloader type_1\">\r\n\t\t<div><\/div>\r\n\t<\/div>\r\n\t<\/div>\t<div class=\"w-grid-json hidden\" onclick='return {&quot;action&quot;:&quot;us_ajax_grid&quot;,&quot;infinite_scroll&quot;:0,&quot;max_num_pages&quot;:14,&quot;pagination&quot;:&quot;none&quot;,&quot;template_vars&quot;:{&quot;columns&quot;:&quot;2&quot;,&quot;exclude_items&quot;:&quot;none&quot;,&quot;img_size&quot;:&quot;default&quot;,&quot;ignore_items_size&quot;:0,&quot;items_layout&quot;:&quot;19733&quot;,&quot;items_offset&quot;:&quot;1&quot;,&quot;load_animation&quot;:&quot;none&quot;,&quot;overriding_link&quot;:&quot;{\\&quot;url\\&quot;:\\&quot;\\&quot;}&quot;,&quot;post_id&quot;:0,&quot;query_args&quot;:{&quot;post_type&quot;:[&quot;post&quot;],&quot;post_status&quot;:[&quot;publish&quot;,&quot;acf-disabled&quot;],&quot;posts_per_page&quot;:&quot;2&quot;},&quot;orderby_query_args&quot;:{&quot;orderby&quot;:{&quot;date&quot;:&quot;DESC&quot;}},&quot;type&quot;:&quot;grid&quot;,&quot;us_grid_post_type&quot;:&quot;post&quot;,&quot;us_grid_ajax_index&quot;:1,&quot;us_grid_filter_query_string&quot;:null,&quot;us_grid_index&quot;:1,&quot;page_args&quot;:[],&quot;lang&quot;:&quot;en&quot;}}'><\/div>\r\n\t<\/div><\/div><\/div><\/div><\/div><\/div><\/section>\n","protected":false},"excerpt":{"rendered":"Cl\u00ednica CEMTRO colabora como parte del equipo de servicios m\u00e9dicos de la Real Federaci\u00f3n Espa\u00f1ola de Atletismo (RFEA) en el marco del Campeonato Europeo de Atletismo por Equipos Madrid 2025, que se celebrar\u00e1 del 26 al 29 de junio en el Estadio Vallehermoso.\u00a0 Este evento internacional, organizado por European Athletics y la RFEA, reunir\u00e1 a...","protected":false},"author":1,"featured_media":0,"parent":12254,"menu_order":0,"comment_status":"closed","ping_status":"closed","template":"","meta":{"inline_featured_image":false,"footnotes":""},"class_list":["post-12114","page","type-page","status-publish","hentry"],"acf":[],"yoast_head":"<!-- This site is optimized with the Yoast SEO plugin v27.3 - https:\/\/yoast.com\/product\/yoast-seo-wordpress\/ -->\n<title>Cardiolog\u00eda | Cl\u00ednica CEMTRO<\/title>\n<meta name=\"description\" content=\"La Cl\u00ednica CEMTRO dispone de los mejores profesionales en Cardiolog\u00eda. Nuestro trabajo se centra en el paciente, tratando de ofrecerle las mejores t\u00e9cnicas.\" \/>\n<meta name=\"robots\" content=\"index, follow, max-snippet:-1, max-image-preview:large, max-video-preview:-1\" \/>\n<link rel=\"canonical\" href=\"https:\/\/www.clinicacemtro.com\/otras-especialidades\/cardiologia\/\" \/>\n<meta property=\"og:locale\" content=\"en_US\" \/>\n<meta property=\"og:type\" content=\"article\" \/>\n<meta property=\"og:title\" content=\"Cardiolog\u00eda | Cl\u00ednica CEMTRO\" \/>\n<meta property=\"og:description\" content=\"La Cl\u00ednica CEMTRO dispone de los mejores profesionales en Cardiolog\u00eda. Nuestro trabajo se centra en el paciente, tratando de ofrecerle las mejores t\u00e9cnicas.\" \/>\n<meta property=\"og:url\" content=\"https:\/\/www.clinicacemtro.com\/otras-especialidades\/cardiologia\/\" \/>\n<meta property=\"og:site_name\" content=\"Cl\u00ednica CEMTRO\" \/>\n<meta property=\"article:modified_time\" content=\"2026-04-14T10:05:18+00:00\" \/>\n<meta name=\"twitter:card\" content=\"summary_large_image\" \/>\n<meta name=\"twitter:label1\" content=\"Est. reading time\" \/>\n\t<meta name=\"twitter:data1\" content=\"5 minutes\" \/>\n<script type=\"application\/ld+json\" class=\"yoast-schema-graph\">{\"@context\":\"https:\\\/\\\/schema.org\",\"@graph\":[{\"@type\":\"WebPage\",\"@id\":\"https:\\\/\\\/www.clinicacemtro.com\\\/otras-especialidades\\\/cardiologia\\\/\",\"url\":\"https:\\\/\\\/www.clinicacemtro.com\\\/otras-especialidades\\\/cardiologia\\\/\",\"name\":\"Cardiolog\u00eda | Cl\u00ednica CEMTRO\",\"isPartOf\":{\"@id\":\"https:\\\/\\\/www.clinicacemtro.com\\\/en\\\/#website\"},\"datePublished\":\"2018-01-23T11:32:11+00:00\",\"dateModified\":\"2026-04-14T10:05:18+00:00\",\"description\":\"La Cl\u00ednica CEMTRO dispone de los mejores profesionales en Cardiolog\u00eda. Nuestro trabajo se centra en el paciente, tratando de ofrecerle las mejores t\u00e9cnicas.\",\"breadcrumb\":{\"@id\":\"https:\\\/\\\/www.clinicacemtro.com\\\/otras-especialidades\\\/cardiologia\\\/#breadcrumb\"},\"inLanguage\":\"en-US\",\"potentialAction\":[{\"@type\":\"ReadAction\",\"target\":[\"https:\\\/\\\/www.clinicacemtro.com\\\/otras-especialidades\\\/cardiologia\\\/\"]}]},{\"@type\":\"BreadcrumbList\",\"@id\":\"https:\\\/\\\/www.clinicacemtro.com\\\/otras-especialidades\\\/cardiologia\\\/#breadcrumb\",\"itemListElement\":[{\"@type\":\"ListItem\",\"position\":1,\"name\":\"Other Specialties\",\"item\":\"https:\\\/\\\/www.clinicacemtro.com\\\/en\\\/other-specialties\\\/\"},{\"@type\":\"ListItem\",\"position\":2,\"name\":\"Cardiolog\u00eda\"}]},{\"@type\":\"WebSite\",\"@id\":\"https:\\\/\\\/www.clinicacemtro.com\\\/en\\\/#website\",\"url\":\"https:\\\/\\\/www.clinicacemtro.com\\\/en\\\/\",\"name\":\"Cl\u00ednica CEMTRO\",\"description\":\"\",\"alternateName\":\"Cl\u00ednica CEMTRO\",\"potentialAction\":[{\"@type\":\"SearchAction\",\"target\":{\"@type\":\"EntryPoint\",\"urlTemplate\":\"https:\\\/\\\/www.clinicacemtro.com\\\/en\\\/?s={search_term_string}\"},\"query-input\":{\"@type\":\"PropertyValueSpecification\",\"valueRequired\":true,\"valueName\":\"search_term_string\"}}],\"inLanguage\":\"en-US\"}]}<\/script>\n<!-- \/ Yoast SEO plugin. -->","yoast_head_json":{"title":"Cardiolog\u00eda | Cl\u00ednica CEMTRO","description":"La Cl\u00ednica CEMTRO dispone de los mejores profesionales en Cardiolog\u00eda. Nuestro trabajo se centra en el paciente, tratando de ofrecerle las mejores t\u00e9cnicas.","robots":{"index":"index","follow":"follow","max-snippet":"max-snippet:-1","max-image-preview":"max-image-preview:large","max-video-preview":"max-video-preview:-1"},"canonical":"https:\/\/www.clinicacemtro.com\/otras-especialidades\/cardiologia\/","og_locale":"en_US","og_type":"article","og_title":"Cardiolog\u00eda | Cl\u00ednica CEMTRO","og_description":"La Cl\u00ednica CEMTRO dispone de los mejores profesionales en Cardiolog\u00eda. Nuestro trabajo se centra en el paciente, tratando de ofrecerle las mejores t\u00e9cnicas.","og_url":"https:\/\/www.clinicacemtro.com\/otras-especialidades\/cardiologia\/","og_site_name":"Cl\u00ednica CEMTRO","article_modified_time":"2026-04-14T10:05:18+00:00","twitter_card":"summary_large_image","twitter_misc":{"Est. reading time":"5 minutes"},"schema":{"@context":"https:\/\/schema.org","@graph":[{"@type":"WebPage","@id":"https:\/\/www.clinicacemtro.com\/otras-especialidades\/cardiologia\/","url":"https:\/\/www.clinicacemtro.com\/otras-especialidades\/cardiologia\/","name":"Cardiolog\u00eda | Cl\u00ednica CEMTRO","isPartOf":{"@id":"https:\/\/www.clinicacemtro.com\/en\/#website"},"datePublished":"2018-01-23T11:32:11+00:00","dateModified":"2026-04-14T10:05:18+00:00","description":"La Cl\u00ednica CEMTRO dispone de los mejores profesionales en Cardiolog\u00eda. Nuestro trabajo se centra en el paciente, tratando de ofrecerle las mejores t\u00e9cnicas.","breadcrumb":{"@id":"https:\/\/www.clinicacemtro.com\/otras-especialidades\/cardiologia\/#breadcrumb"},"inLanguage":"en-US","potentialAction":[{"@type":"ReadAction","target":["https:\/\/www.clinicacemtro.com\/otras-especialidades\/cardiologia\/"]}]},{"@type":"BreadcrumbList","@id":"https:\/\/www.clinicacemtro.com\/otras-especialidades\/cardiologia\/#breadcrumb","itemListElement":[{"@type":"ListItem","position":1,"name":"Other Specialties","item":"https:\/\/www.clinicacemtro.com\/en\/other-specialties\/"},{"@type":"ListItem","position":2,"name":"Cardiolog\u00eda"}]},{"@type":"WebSite","@id":"https:\/\/www.clinicacemtro.com\/en\/#website","url":"https:\/\/www.clinicacemtro.com\/en\/","name":"Cl\u00ednica CEMTRO","description":"","alternateName":"Cl\u00ednica CEMTRO","potentialAction":[{"@type":"SearchAction","target":{"@type":"EntryPoint","urlTemplate":"https:\/\/www.clinicacemtro.com\/en\/?s={search_term_string}"},"query-input":{"@type":"PropertyValueSpecification","valueRequired":true,"valueName":"search_term_string"}}],"inLanguage":"en-US"}]}},"post_mailing_queue_ids":[],"_links":{"self":[{"href":"https:\/\/www.clinicacemtro.com\/en\/wp-json\/wp\/v2\/pages\/12114","targetHints":{"allow":["GET"]}}],"collection":[{"href":"https:\/\/www.clinicacemtro.com\/en\/wp-json\/wp\/v2\/pages"}],"about":[{"href":"https:\/\/www.clinicacemtro.com\/en\/wp-json\/wp\/v2\/types\/page"}],"author":[{"embeddable":true,"href":"https:\/\/www.clinicacemtro.com\/en\/wp-json\/wp\/v2\/users\/1"}],"replies":[{"embeddable":true,"href":"https:\/\/www.clinicacemtro.com\/en\/wp-json\/wp\/v2\/comments?post=12114"}],"version-history":[{"count":1,"href":"https:\/\/www.clinicacemtro.com\/en\/wp-json\/wp\/v2\/pages\/12114\/revisions"}],"predecessor-version":[{"id":52626,"href":"https:\/\/www.clinicacemtro.com\/en\/wp-json\/wp\/v2\/pages\/12114\/revisions\/52626"}],"up":[{"embeddable":true,"href":"https:\/\/www.clinicacemtro.com\/en\/wp-json\/wp\/v2\/pages\/12254"}],"wp:attachment":[{"href":"https:\/\/www.clinicacemtro.com\/en\/wp-json\/wp\/v2\/media?parent=12114"}],"curies":[{"name":"wp","href":"https:\/\/api.w.org\/{rel}","templated":true}]}}