{"id":12108,"date":"2018-01-23T10:51:50","date_gmt":"2018-01-23T10:51:50","guid":{"rendered":"https:\/\/clinicacemtro.com\/alergologia\/"},"modified":"2025-04-29T16:29:12","modified_gmt":"2025-04-29T14:29:12","slug":"alergologia","status":"publish","type":"page","link":"https:\/\/www.clinicacemtro.com\/en\/other-specialties\/alergologia\/","title":{"rendered":"Alergolog\u00eda"},"content":{"rendered":"<section class=\"l-section wpb_row us_custom_af6a9b6a height_medium\"><div class=\"l-section-overlay\" style=\"background:#0059a3\"><\/div><div class=\"l-section-h i-cf\"><div class=\"g-cols vc_row via_flex valign_middle type_default stacking_default\"><div class=\"vc_col-sm-4 wpb_column vc_column_container\"><div class=\"vc_column-inner\"><div class=\"wpb_wrapper\"><div class=\"w-image align_center\"><div class=\"w-image-h\"><img decoding=\"async\" width=\"250\" height=\"250\" src=\"https:\/\/www.clinicacemtro.com\/wp-content\/uploads\/2019\/10\/Alergologia_Clinica_Cemtro.png\" class=\"attachment-full size-full\" alt=\"Alergologia Clinica CEMTRO\" loading=\"lazy\" srcset=\"https:\/\/www.clinicacemtro.com\/wp-content\/uploads\/2019\/10\/Alergologia_Clinica_Cemtro.png 250w, https:\/\/www.clinicacemtro.com\/wp-content\/uploads\/2019\/10\/Alergologia_Clinica_Cemtro-150x150.png 150w\" sizes=\"auto, (max-width: 250px) 100vw, 250px\" \/><\/div><\/div><\/div><\/div><\/div><div class=\"vc_col-sm-8 wpb_column vc_column_container\"><div class=\"vc_column-inner\"><div class=\"wpb_wrapper\"><div class=\"wpb_text_column titlec\"><div class=\"wpb_wrapper\"><h1 class=\"titulo\">Alergolog\u00eda<\/h1>\n<p>Las t\u00e9cnicas m\u00e1s novedosas y los \u00faltimos tratamientos en alergias en adultos y ni\u00f1os.<\/p>\n<\/div><\/div><\/div><\/div><\/div><\/div><\/div><\/section><section class=\"l-section wpb_row height_auto width_full\"><div class=\"l-section-h i-cf\"><div class=\"g-cols vc_row via_flex valign_top type_default stacking_default\"><div class=\"vc_col-sm-12 wpb_column vc_column_container\"><div class=\"vc_column-inner\"><div class=\"wpb_wrapper\"><div class=\"w-tabs layout_hor style_trendy switch_click has_scrolling\" style=\"--sections-title-size:20px\"><div class=\"w-tabs-list items_1 align_justify\" style=\"text-transform:uppercase;\"><div class=\"w-tabs-list-h\"><button class=\"w-tabs-item active\" aria-controls=\"content-q350\" aria-expanded=\"false\"><span class=\"w-tabs-item-title\">PRESENTACI\u00d3N<\/span><\/button><\/div><\/div><div class=\"w-tabs-sections titles-align_none icon_chevron cpos_right\"><div class=\"w-tabs-section no_indents active\" id=\"q350\"><button class=\"w-tabs-section-header active\" aria-controls=\"content-q350\" aria-expanded=\"true\"><div class=\"w-tabs-section-title\">PRESENTACI\u00d3N<\/div><div class=\"w-tabs-section-control\"><\/div><\/button><div  class=\"w-tabs-section-content\" id=\"content-q350\"><div class=\"w-tabs-section-content-h i-cf\"><div class=\"g-cols wpb_row via_flex valign_top type_default stacking_default\"><div class=\"vc_col-sm-12 wpb_column vc_column_container has_bg_color\"><div class=\"vc_column-inner us_custom_4fb9e5a3\"><div class=\"wpb_wrapper\"><div class=\"wpb_text_column centrado\"><div class=\"wpb_wrapper\"><div class=\"l-section-h i-cf\">\n<h2 class=\"subtitulo\" style=\"text-align: center;\">Patolog\u00edas<\/h2>\n<p style=\"text-align: left;\">El Servicio de Alergolog\u00eda de <a href=\"https:\/\/www.clinicacemtro.com\/\" target=\"_blank\" rel=\"noopener noreferrer\">Cl\u00ednica CEMTRO<\/a> cuenta con una <strong>gran experiencia<\/strong> en el tratamiento de las siguientes patolog\u00edas: rinitis estacionales y persistentes, conjuntivitis, asma, eczemas, urticarias, dermatitis at\u00f3piza, anafilaxia, alergia a alimentos y medicamentos (no se realizan estudios de intolerancia a lactosa-fructosa) y picaduras de himenopteros.<\/p>\n<\/div>\n<\/div><\/div><\/div><\/div><\/div><\/div><div class=\"g-cols wpb_row us_custom_4ffbf639 via_flex valign_top type_default stacking_default\"><div class=\"vc_col-sm-12 wpb_column vc_column_container has_bg_color\"><div class=\"vc_column-inner us_custom_4ffbf639\"><div class=\"wpb_wrapper\"><div class=\"wpb_text_column centrado destacado\"><div class=\"wpb_wrapper\"><div class=\"l-section-h i-cf\">Especialistas en <strong>provocaciones con medicamentos y alimentos y provocaciones oculares diagn\u00f3sticas.<\/strong><\/div>\n<\/div><\/div><\/div><\/div><\/div><\/div><div class=\"g-cols wpb_row via_flex valign_top type_default stacking_default\"><div class=\"vc_col-sm-12 wpb_column vc_column_container has_bg_color\"><div class=\"vc_column-inner us_custom_4fb9e5a3\"><div class=\"wpb_wrapper\"><div class=\"wpb_text_column l-section-h i-cf centrado\"><div class=\"wpb_wrapper\"><h2 class=\"subtitulo\" style=\"text-align: center;\">T\u00e9cnicas<\/h2>\n<p style=\"text-align: left;\">El Servicio de Alergolog\u00eda de <a href=\"https:\/\/www.clinicacemtro.com\/\" target=\"_blank\" rel=\"noopener noreferrer\">Cl\u00ednica CEMTRO<\/a> utiliza las t\u00e9cnicas m\u00e1s novedosas y los \u00faltimos tratamientos en alergias en adultos y alergias infantiles.<\/p>\n<ul>\n<li style=\"text-align: left;\"><strong>Pruebas cut\u00e1neas<\/strong> en prick, en intrademo<\/li>\n<li style=\"text-align: left;\"><strong>Espirometr\u00edas<\/strong><\/li>\n<li style=\"text-align: left;\"><strong>Estudios inmunol\u00f3gicos<\/strong><\/li>\n<li style=\"text-align: left;\"><strong>Provocaciones con medicamentos y alimentos, provocaciones oculares diagn\u00f3sticas\u2026<\/strong><\/li>\n<\/ul>\n<\/div><\/div><\/div><\/div><\/div><\/div><div class=\"g-cols wpb_row via_flex valign_middle type_boxes stacking_default\"><div class=\"vc_col-sm-6 wpb_column vc_column_container has_bg_color\"><div class=\"vc_column-inner us_custom_1a1153f0\"><div class=\"wpb_wrapper\"><div class=\"w-separator size_custom\" style=\"height:400px\"><\/div><\/div><\/div><\/div><div class=\"vc_col-sm-6 wpb_column vc_column_container has_bg_color\"><div class=\"vc_column-inner us_custom_4ffbf639\"><div class=\"wpb_wrapper\"><div class=\"wpb_text_column equipo\"><div class=\"wpb_wrapper\"><h2 class=\"subtitulo\" style=\"text-align: center;\">Equipo de Alergolog\u00eda<\/h2>\n<h3>Jefe de Servicio<\/h3>\n<p><i class=\"fa fa-arrow-right azul\" aria-hidden=\"true\"><\/i><a href=\"https:\/\/www.clinicacemtro.com\/medicos\/silvia-de-miguel-comes\/\">Dra. Silvia de Miguel Comes<\/a><\/p>\n<\/div><\/div><\/div><\/div><\/div><\/div><\/div><\/div><\/div><\/div><\/div><\/div><\/div><\/div><\/div><\/div><\/section><section class=\"l-section wpb_row height_medium width_full\"><div class=\"l-section-h i-cf\"><div class=\"g-cols vc_row via_flex valign_top type_default stacking_default\"><div class=\"vc_col-sm-12 wpb_column vc_column_container\"><div class=\"vc_column-inner\"><div class=\"wpb_wrapper\"><div class=\"wpb_text_column centrado\"><div class=\"wpb_wrapper\"><h2 class=\"subtitulo\" style=\"text-align: center;\">\u00daLTIMAS NOTICIAS<\/h2>\n<\/div><\/div><div class=\"w-grid us_custom_6746e154 type_grid layout_19733 cols_2\" id=\"us_grid_1\" style=\"--columns:2;--gap:1.5rem;\" data-filterable=\"true\"><style>@media (max-width:600px){#us_grid_1{--columns:1!important}}.layout_19733 .w-grid-item-h{}.layout_19733 .usg_hwrapper_1{margin-bottom:50!important;padding-top:20PX!important;padding-bottom:50PX!important}.layout_19733 .usg_vwrapper_1{width:40%!important;padding-right:20px!important}.layout_19733 .usg_vwrapper_2{width:60%!important}@media (min-width:601px) and (max-width:1024px){.layout_19733 .usg_vwrapper_1{width:40%!important;padding-right:20px!important}.layout_19733 .usg_vwrapper_2{width:60%!important}}@media (max-width:600px){.layout_19733 .usg_vwrapper_1{width:100%!important;padding-right:0!important}.layout_19733 .usg_vwrapper_2{width:100%!important}}<\/style><div class=\"w-grid-list\">\t<article class=\"w-grid-item size_1x1 post-50540 post type-post status-publish format-standard has-post-thumbnail hentry category-noticias-en tag-atletismo-en tag-campeonato-europeo-por-equipoos tag-deporte-en tag-rfea\" data-id=\"50540\">\r\n\t\t<div class=\"w-grid-item-h\">\r\n\t\t\t\t\t\t<div class=\"w-hwrapper usg_hwrapper_1 align_left valign_top\"><div class=\"w-vwrapper usg_vwrapper_1 align_left valign_top\"><div class=\"w-post-elm post_image usg_post_image_1 stretched\"><a href=\"https:\/\/www.clinicacemtro.com\/en\/cnecs-clinica-cemtro-dra-guerra\/\" aria-label=\"Dra. Mercedes Guerra Requena, nueva presidenta del Consejo Nacional de Especialidades en Ciencias de la Salud\"><img loading=\"lazy\" decoding=\"async\" width=\"600\" height=\"600\" src=\"https:\/\/www.clinicacemtro.com\/wp-content\/uploads\/2025\/08\/IMG_4601-1024x768-dra-mercedes-guerra-presidente-600x600.jpg\" class=\"attachment-us_600_600_crop size-us_600_600_crop wp-post-image\" alt=\"\" srcset=\"https:\/\/www.clinicacemtro.com\/wp-content\/uploads\/2025\/08\/IMG_4601-1024x768-dra-mercedes-guerra-presidente-600x600.jpg 600w, https:\/\/www.clinicacemtro.com\/wp-content\/uploads\/2025\/08\/IMG_4601-1024x768-dra-mercedes-guerra-presidente-150x150.jpg 150w, https:\/\/www.clinicacemtro.com\/wp-content\/uploads\/2025\/08\/IMG_4601-1024x768-dra-mercedes-guerra-presidente-350x350.jpg 350w\" sizes=\"auto, (max-width: 600px) 100vw, 600px\" \/><\/a><\/div><\/div><div class=\"w-vwrapper usg_vwrapper_2 align_left valign_top\"><h2 class=\"w-post-elm post_title usg_post_title_2 entry-title color_link_inherit\"><a href=\"https:\/\/www.clinicacemtro.com\/en\/cnecs-clinica-cemtro-dra-guerra\/\">Dra. Mercedes Guerra Requena, nueva presidenta del Consejo Nacional de Especialidades en Ciencias de la Salud<\/a><\/h2><div class=\"w-post-elm post_content usg_post_content_2\">La actual jefa de la Unidad de Angiolog\u00eda, Cirug\u00eda Vascular y Endovascular de Cl\u00ednica CEMTRO ha sido nombrada presidenta del m\u00e1ximo \u00f3rgano asesor del Ministerio de Sanidad en formaci\u00f3n sanitaria especializada. La Dra. Mercedes Guerra Requena, jefa de la Unidad&hellip;<\/div><\/div><\/div>\t\t<\/div>\r\n\t\t\t<\/article>\r\n\t<article class=\"w-grid-item size_1x1 post-50325 post type-post status-publish format-standard has-post-thumbnail hentry category-noticias-en tag-atletismo-en tag-campeonato-europeo-por-equipoos tag-deporte-en tag-rfea\" data-id=\"50325\">\r\n\t\t<div class=\"w-grid-item-h\">\r\n\t\t\t\t\t\t<div class=\"w-hwrapper usg_hwrapper_1 align_left valign_top\"><div class=\"w-vwrapper usg_vwrapper_1 align_left valign_top\"><div class=\"w-post-elm post_image usg_post_image_1 stretched\"><a href=\"https:\/\/www.clinicacemtro.com\/en\/servicios-medicos-rfea-europeo-madrid-2025\/\" aria-label=\"Cl\u00ednica CEMTRO, colaborador de los servicios m\u00e9dicos de la RFEA durante el Campeonato Europeo por Equipos Madrid 2025\"><img loading=\"lazy\" decoding=\"async\" width=\"600\" height=\"600\" src=\"https:\/\/www.clinicacemtro.com\/wp-content\/uploads\/2025\/06\/equipo-atletismo-600x600.jpg\" class=\"attachment-us_600_600_crop size-us_600_600_crop wp-post-image\" alt=\"\" srcset=\"https:\/\/www.clinicacemtro.com\/wp-content\/uploads\/2025\/06\/equipo-atletismo-600x600.jpg 600w, https:\/\/www.clinicacemtro.com\/wp-content\/uploads\/2025\/06\/equipo-atletismo-150x150.jpg 150w, https:\/\/www.clinicacemtro.com\/wp-content\/uploads\/2025\/06\/equipo-atletismo-350x350.jpg 350w\" sizes=\"auto, (max-width: 600px) 100vw, 600px\" \/><\/a><\/div><\/div><div class=\"w-vwrapper usg_vwrapper_2 align_left valign_top\"><h2 class=\"w-post-elm post_title usg_post_title_2 entry-title color_link_inherit\"><a href=\"https:\/\/www.clinicacemtro.com\/en\/servicios-medicos-rfea-europeo-madrid-2025\/\">Cl\u00ednica CEMTRO, colaborador de los servicios m\u00e9dicos de la RFEA durante el Campeonato Europeo por Equipos Madrid 2025<\/a><\/h2><div class=\"w-post-elm post_content usg_post_content_2\">Cl\u00ednica CEMTRO colabora como parte del equipo de servicios m\u00e9dicos de la Real Federaci\u00f3n Espa\u00f1ola de Atletismo (RFEA) en el marco del Campeonato Europeo de Atletismo por Equipos Madrid 2025, que se celebrar\u00e1 del 26 al 29 de junio en&hellip;<\/div><\/div><\/div>\t\t<\/div>\r\n\t\t\t<\/article>\r\n<\/div><div class=\"w-grid-preloader\">\t<div class=\"g-preloader type_1\">\r\n\t\t<div><\/div>\r\n\t<\/div>\r\n\t<\/div>\t<div class=\"w-grid-json hidden\" onclick='return {&quot;action&quot;:&quot;us_ajax_grid&quot;,&quot;infinite_scroll&quot;:0,&quot;max_num_pages&quot;:14,&quot;pagination&quot;:&quot;none&quot;,&quot;template_vars&quot;:{&quot;columns&quot;:&quot;2&quot;,&quot;exclude_items&quot;:&quot;none&quot;,&quot;img_size&quot;:&quot;default&quot;,&quot;ignore_items_size&quot;:0,&quot;items_layout&quot;:&quot;19733&quot;,&quot;items_offset&quot;:&quot;1&quot;,&quot;load_animation&quot;:&quot;none&quot;,&quot;overriding_link&quot;:&quot;{\\&quot;url\\&quot;:\\&quot;\\&quot;}&quot;,&quot;post_id&quot;:0,&quot;query_args&quot;:{&quot;post_type&quot;:[&quot;post&quot;],&quot;post_status&quot;:[&quot;publish&quot;,&quot;acf-disabled&quot;],&quot;posts_per_page&quot;:&quot;2&quot;},&quot;orderby_query_args&quot;:{&quot;orderby&quot;:{&quot;date&quot;:&quot;DESC&quot;}},&quot;type&quot;:&quot;grid&quot;,&quot;us_grid_post_type&quot;:&quot;post&quot;,&quot;us_grid_ajax_index&quot;:1,&quot;us_grid_filter_query_string&quot;:null,&quot;us_grid_index&quot;:1,&quot;page_args&quot;:[],&quot;lang&quot;:&quot;en&quot;}}'><\/div>\r\n\t<\/div><\/div><\/div><\/div><\/div><\/div><\/section>\n","protected":false},"excerpt":{"rendered":"Cl\u00ednica CEMTRO colabora como parte del equipo de servicios m\u00e9dicos de la Real Federaci\u00f3n Espa\u00f1ola de Atletismo (RFEA) en el marco del Campeonato Europeo de Atletismo por Equipos Madrid 2025, que se celebrar\u00e1 del 26 al 29 de junio en el Estadio Vallehermoso.\u00a0 Este evento internacional, organizado por European Athletics y la RFEA, reunir\u00e1 a...","protected":false},"author":1,"featured_media":0,"parent":12254,"menu_order":0,"comment_status":"closed","ping_status":"closed","template":"","meta":{"inline_featured_image":false,"footnotes":""},"class_list":["post-12108","page","type-page","status-publish","hentry"],"acf":[],"yoast_head":"<!-- This site is optimized with the Yoast SEO plugin v27.3 - https:\/\/yoast.com\/product\/yoast-seo-wordpress\/ -->\n<title>Alergolog\u00eda | Clinica CEMTRO<\/title>\n<meta name=\"description\" content=\"Las t\u00e9cnicas m\u00e1s novedosas y los \u00faltimos tratamientos de Alergolog\u00eda en adultos y ni\u00f1os. Contamos con las \u00faltimas tecnolog\u00edas y un equipo cualificado.\" \/>\n<meta name=\"robots\" content=\"index, follow, max-snippet:-1, max-image-preview:large, max-video-preview:-1\" \/>\n<link rel=\"canonical\" href=\"https:\/\/www.clinicacemtro.com\/en\/other-specialties\/alergologia\/\" \/>\n<meta property=\"og:locale\" content=\"en_US\" \/>\n<meta property=\"og:type\" content=\"article\" \/>\n<meta property=\"og:title\" content=\"Alergolog\u00eda | Clinica CEMTRO\" \/>\n<meta property=\"og:description\" content=\"Las t\u00e9cnicas m\u00e1s novedosas y los \u00faltimos tratamientos de Alergolog\u00eda en adultos y ni\u00f1os. Contamos con las \u00faltimas tecnolog\u00edas y un equipo cualificado.\" \/>\n<meta property=\"og:url\" content=\"https:\/\/www.clinicacemtro.com\/en\/other-specialties\/alergologia\/\" \/>\n<meta property=\"og:site_name\" content=\"Cl\u00ednica CEMTRO\" \/>\n<meta property=\"article:modified_time\" content=\"2025-04-29T14:29:12+00:00\" \/>\n<meta name=\"twitter:card\" content=\"summary_large_image\" \/>\n<meta name=\"twitter:label1\" content=\"Est. reading time\" \/>\n\t<meta name=\"twitter:data1\" content=\"2 minutes\" \/>\n<script type=\"application\/ld+json\" class=\"yoast-schema-graph\">{\"@context\":\"https:\\\/\\\/schema.org\",\"@graph\":[{\"@type\":\"WebPage\",\"@id\":\"https:\\\/\\\/www.clinicacemtro.com\\\/en\\\/other-specialties\\\/alergologia\\\/\",\"url\":\"https:\\\/\\\/www.clinicacemtro.com\\\/en\\\/other-specialties\\\/alergologia\\\/\",\"name\":\"Alergolog\u00eda | Clinica CEMTRO\",\"isPartOf\":{\"@id\":\"https:\\\/\\\/www.clinicacemtro.com\\\/en\\\/#website\"},\"datePublished\":\"2018-01-23T10:51:50+00:00\",\"dateModified\":\"2025-04-29T14:29:12+00:00\",\"description\":\"Las t\u00e9cnicas m\u00e1s novedosas y los \u00faltimos tratamientos de Alergolog\u00eda en adultos y ni\u00f1os. Contamos con las \u00faltimas tecnolog\u00edas y un equipo cualificado.\",\"breadcrumb\":{\"@id\":\"https:\\\/\\\/www.clinicacemtro.com\\\/en\\\/other-specialties\\\/alergologia\\\/#breadcrumb\"},\"inLanguage\":\"en-US\",\"potentialAction\":[{\"@type\":\"ReadAction\",\"target\":[\"https:\\\/\\\/www.clinicacemtro.com\\\/en\\\/other-specialties\\\/alergologia\\\/\"]}]},{\"@type\":\"BreadcrumbList\",\"@id\":\"https:\\\/\\\/www.clinicacemtro.com\\\/en\\\/other-specialties\\\/alergologia\\\/#breadcrumb\",\"itemListElement\":[{\"@type\":\"ListItem\",\"position\":1,\"name\":\"Other Specialties\",\"item\":\"https:\\\/\\\/www.clinicacemtro.com\\\/en\\\/other-specialties\\\/\"},{\"@type\":\"ListItem\",\"position\":2,\"name\":\"Alergolog\u00eda\"}]},{\"@type\":\"WebSite\",\"@id\":\"https:\\\/\\\/www.clinicacemtro.com\\\/en\\\/#website\",\"url\":\"https:\\\/\\\/www.clinicacemtro.com\\\/en\\\/\",\"name\":\"Cl\u00ednica CEMTRO\",\"description\":\"\",\"alternateName\":\"Cl\u00ednica CEMTRO\",\"potentialAction\":[{\"@type\":\"SearchAction\",\"target\":{\"@type\":\"EntryPoint\",\"urlTemplate\":\"https:\\\/\\\/www.clinicacemtro.com\\\/en\\\/?s={search_term_string}\"},\"query-input\":{\"@type\":\"PropertyValueSpecification\",\"valueRequired\":true,\"valueName\":\"search_term_string\"}}],\"inLanguage\":\"en-US\"}]}<\/script>\n<!-- \/ Yoast SEO plugin. -->","yoast_head_json":{"title":"Alergolog\u00eda | Clinica CEMTRO","description":"Las t\u00e9cnicas m\u00e1s novedosas y los \u00faltimos tratamientos de Alergolog\u00eda en adultos y ni\u00f1os. Contamos con las \u00faltimas tecnolog\u00edas y un equipo cualificado.","robots":{"index":"index","follow":"follow","max-snippet":"max-snippet:-1","max-image-preview":"max-image-preview:large","max-video-preview":"max-video-preview:-1"},"canonical":"https:\/\/www.clinicacemtro.com\/en\/other-specialties\/alergologia\/","og_locale":"en_US","og_type":"article","og_title":"Alergolog\u00eda | Clinica CEMTRO","og_description":"Las t\u00e9cnicas m\u00e1s novedosas y los \u00faltimos tratamientos de Alergolog\u00eda en adultos y ni\u00f1os. Contamos con las \u00faltimas tecnolog\u00edas y un equipo cualificado.","og_url":"https:\/\/www.clinicacemtro.com\/en\/other-specialties\/alergologia\/","og_site_name":"Cl\u00ednica CEMTRO","article_modified_time":"2025-04-29T14:29:12+00:00","twitter_card":"summary_large_image","twitter_misc":{"Est. reading time":"2 minutes"},"schema":{"@context":"https:\/\/schema.org","@graph":[{"@type":"WebPage","@id":"https:\/\/www.clinicacemtro.com\/en\/other-specialties\/alergologia\/","url":"https:\/\/www.clinicacemtro.com\/en\/other-specialties\/alergologia\/","name":"Alergolog\u00eda | Clinica CEMTRO","isPartOf":{"@id":"https:\/\/www.clinicacemtro.com\/en\/#website"},"datePublished":"2018-01-23T10:51:50+00:00","dateModified":"2025-04-29T14:29:12+00:00","description":"Las t\u00e9cnicas m\u00e1s novedosas y los \u00faltimos tratamientos de Alergolog\u00eda en adultos y ni\u00f1os. Contamos con las \u00faltimas tecnolog\u00edas y un equipo cualificado.","breadcrumb":{"@id":"https:\/\/www.clinicacemtro.com\/en\/other-specialties\/alergologia\/#breadcrumb"},"inLanguage":"en-US","potentialAction":[{"@type":"ReadAction","target":["https:\/\/www.clinicacemtro.com\/en\/other-specialties\/alergologia\/"]}]},{"@type":"BreadcrumbList","@id":"https:\/\/www.clinicacemtro.com\/en\/other-specialties\/alergologia\/#breadcrumb","itemListElement":[{"@type":"ListItem","position":1,"name":"Other Specialties","item":"https:\/\/www.clinicacemtro.com\/en\/other-specialties\/"},{"@type":"ListItem","position":2,"name":"Alergolog\u00eda"}]},{"@type":"WebSite","@id":"https:\/\/www.clinicacemtro.com\/en\/#website","url":"https:\/\/www.clinicacemtro.com\/en\/","name":"Cl\u00ednica CEMTRO","description":"","alternateName":"Cl\u00ednica CEMTRO","potentialAction":[{"@type":"SearchAction","target":{"@type":"EntryPoint","urlTemplate":"https:\/\/www.clinicacemtro.com\/en\/?s={search_term_string}"},"query-input":{"@type":"PropertyValueSpecification","valueRequired":true,"valueName":"search_term_string"}}],"inLanguage":"en-US"}]}},"post_mailing_queue_ids":[],"_links":{"self":[{"href":"https:\/\/www.clinicacemtro.com\/en\/wp-json\/wp\/v2\/pages\/12108","targetHints":{"allow":["GET"]}}],"collection":[{"href":"https:\/\/www.clinicacemtro.com\/en\/wp-json\/wp\/v2\/pages"}],"about":[{"href":"https:\/\/www.clinicacemtro.com\/en\/wp-json\/wp\/v2\/types\/page"}],"author":[{"embeddable":true,"href":"https:\/\/www.clinicacemtro.com\/en\/wp-json\/wp\/v2\/users\/1"}],"replies":[{"embeddable":true,"href":"https:\/\/www.clinicacemtro.com\/en\/wp-json\/wp\/v2\/comments?post=12108"}],"version-history":[{"count":1,"href":"https:\/\/www.clinicacemtro.com\/en\/wp-json\/wp\/v2\/pages\/12108\/revisions"}],"predecessor-version":[{"id":50173,"href":"https:\/\/www.clinicacemtro.com\/en\/wp-json\/wp\/v2\/pages\/12108\/revisions\/50173"}],"up":[{"embeddable":true,"href":"https:\/\/www.clinicacemtro.com\/en\/wp-json\/wp\/v2\/pages\/12254"}],"wp:attachment":[{"href":"https:\/\/www.clinicacemtro.com\/en\/wp-json\/wp\/v2\/media?parent=12108"}],"curies":[{"name":"wp","href":"https:\/\/api.w.org\/{rel}","templated":true}]}}