{"id":12094,"date":"2018-01-18T11:45:42","date_gmt":"2018-01-18T11:45:42","guid":{"rendered":"https:\/\/clinicacemtro.com\/unidad-de-columna\/"},"modified":"2020-05-09T22:31:27","modified_gmt":"2020-05-09T22:31:27","slug":"spine-unit","status":"publish","type":"page","link":"https:\/\/www.clinicacemtro.com\/en\/traumatology\/spine-unit\/","title":{"rendered":"Spine Unit"},"content":{"rendered":"<section class=\"l-section wpb_row us_custom_af6a9b6a height_medium\"><div class=\"l-section-overlay\" style=\"background:#0059a3\"><\/div><div class=\"l-section-h i-cf\"><div class=\"g-cols vc_row via_flex valign_middle type_default stacking_default\"><div class=\"vc_col-sm-4 wpb_column vc_column_container\"><div class=\"vc_column-inner\"><div class=\"wpb_wrapper\"><div class=\"w-image align_center\"><div class=\"w-image-h\"><img decoding=\"async\" width=\"250\" height=\"250\" src=\"https:\/\/www.clinicacemtro.com\/wp-content\/uploads\/2018\/01\/unidad_de_columna.png\" class=\"attachment-full size-full\" alt=\"\" loading=\"lazy\" srcset=\"https:\/\/www.clinicacemtro.com\/wp-content\/uploads\/2018\/01\/unidad_de_columna.png 250w, https:\/\/www.clinicacemtro.com\/wp-content\/uploads\/2018\/01\/unidad_de_columna-150x150.png 150w\" sizes=\"auto, (max-width: 250px) 100vw, 250px\" \/><\/div><\/div><\/div><\/div><\/div><div class=\"vc_col-sm-8 wpb_column vc_column_container\"><div class=\"vc_column-inner\"><div class=\"wpb_wrapper\"><div class=\"wpb_text_column titlec\"><div class=\"wpb_wrapper\"><h1 class=\"titulo\">Spine Unit<\/h1>\n<p>At Cl\u00ednica CEMTRO we approach these pathologies in\u00a0an integrated way, offering a combined medical and physiotherapeutic treatment, or even surgical when necessary.<\/p>\n<\/div><\/div><\/div><\/div><\/div><\/div><\/div><\/section><section class=\"l-section wpb_row height_auto width_full\"><div class=\"l-section-h i-cf\"><div class=\"g-cols vc_row via_flex valign_top type_default stacking_default\"><div class=\"vc_col-sm-12 wpb_column vc_column_container\"><div class=\"vc_column-inner\"><div class=\"wpb_wrapper\"><div class=\"w-tabs layout_hor style_trendy switch_click has_scrolling\" style=\"--sections-title-size:20px\"><div class=\"w-tabs-list items_1 align_justify\" style=\"text-transform:uppercase;\"><div class=\"w-tabs-list-h\"><button class=\"w-tabs-item active\" aria-controls=\"content-hb95\" aria-expanded=\"false\"><span class=\"w-tabs-item-title\">PRESENTATION<\/span><\/button><\/div><\/div><div class=\"w-tabs-sections titles-align_none icon_chevron cpos_right\"><div class=\"w-tabs-section no_indents active\" id=\"hb95\"><button class=\"w-tabs-section-header active\" aria-controls=\"content-hb95\" aria-expanded=\"true\"><div class=\"w-tabs-section-title\">PRESENTATION<\/div><div class=\"w-tabs-section-control\"><\/div><\/button><div  class=\"w-tabs-section-content\" id=\"content-hb95\"><div class=\"w-tabs-section-content-h i-cf\"><div class=\"g-cols wpb_row via_flex valign_top type_default stacking_default\"><div class=\"vc_col-sm-12 wpb_column vc_column_container has_bg_color\"><div class=\"vc_column-inner us_custom_4fb9e5a3\"><div class=\"wpb_wrapper\"><div class=\"wpb_text_column centrado\"><div class=\"wpb_wrapper\"><div class=\"l-section-h i-cf\">\n<h2 class=\"subtitulo\" style=\"text-align: center;\">Spine Unit<\/h2>\n<p style=\"text-align: left;\">Back and spinal injuries are responsible for some of <strong>the most serious health problems in modern society,<\/strong> causing pain and limited mobility to everyday life in many patients, representing one of the main causes of sick leaves and invalidities at work.<\/p>\n<p style=\"text-align: left;\">Back pathologies commonly manifest themselves as <strong>regional pain<\/strong> (cervical, dorsal or lumbago pain) or as <strong>irradiated pain<\/strong> (sciatica, lumbosciatica, root syndromes) irrespective of the many subjacent causes: cervical hernia, lumbar hernia, OA, facet syndrome, scoliosis, spondylolisthesis, psoas contractures\u2026)<\/p>\n<p style=\"text-align: left;\">Such a wide array of underlying pathologies together with the intensity of the symptoms which limit a patient\u2019s everyday life make the approach of these patients a <strong>multidisciplinary <\/strong>job, involving trauma specialists, physiotherapists, neurosurgeons and Pain specialists.<\/p>\n<\/div>\n<\/div><\/div><\/div><\/div><\/div><\/div><div class=\"g-cols wpb_row us_custom_4ffbf639 via_flex valign_top type_default stacking_default\"><div class=\"vc_col-sm-12 wpb_column vc_column_container has_bg_color\"><div class=\"vc_column-inner us_custom_4ffbf639\"><div class=\"wpb_wrapper\"><div class=\"wpb_text_column centrado destacado\"><div class=\"wpb_wrapper\"><div class=\"l-section-h i-cf\">Back and spinal injuries are responsible for some of\u00a0<strong>the most serious health problems in modern society<\/strong><\/div>\n<\/div><\/div><\/div><\/div><\/div><\/div><div class=\"g-cols wpb_row via_flex valign_top type_default stacking_default\"><div class=\"vc_col-sm-12 wpb_column vc_column_container has_bg_color\"><div class=\"vc_column-inner us_custom_4fb9e5a3\"><div class=\"wpb_wrapper\"><div class=\"wpb_text_column centrado\"><div class=\"wpb_wrapper\"><div class=\"l-section-h i-cf\">\n<p style=\"text-align: left;\">At Cl\u00ednica CEMTRO we approach these pathologies in <strong>an integrated way<\/strong>, offering a combined medical and physiotherapeutic treatment, or even surgical when necessary.<\/p>\n<\/div>\n<\/div><\/div><\/div><\/div><\/div><\/div><div class=\"g-cols wpb_row via_flex valign_middle type_boxes stacking_default\"><div class=\"vc_col-sm-6 wpb_column vc_column_container has_bg_color\"><div class=\"vc_column-inner us_custom_705eaaf8\"><div class=\"wpb_wrapper\"><div class=\"w-separator size_custom\" style=\"height:400px\"><\/div><\/div><\/div><\/div><div class=\"vc_col-sm-6 wpb_column vc_column_container has_bg_color\"><div class=\"vc_column-inner us_custom_4ffbf639\"><div class=\"wpb_wrapper\"><div class=\"wpb_text_column equipo\"><div class=\"wpb_wrapper\"><h2 class=\"subtitulo\" style=\"text-align: center;\">Spine Team<\/h2>\n<h3>Head of Service<\/h3>\n<p><i class=\"fa fa-arrow-right azul\" aria-hidden=\"true\"><\/i>Dr. Miguel \u00c1ngel Plasencia<\/p>\n<h3>Members of the team<\/h3>\n<p><i class=\"fa fa-arrow-right azul\" aria-hidden=\"true\"><\/i>Dra. Isabel Pant\u00edn Ce\u00f1al<br \/>\n<i class=\"fa fa-arrow-right azul\" aria-hidden=\"true\"><\/i>Dr. Carlos Bri\u00f1ez Sabogal<br \/>\n<i class=\"fa fa-arrow-right azul\" aria-hidden=\"true\"><\/i>Dr. Iv\u00e1n Ortega<br \/>\n<i class=\"fa fa-arrow-right azul\" aria-hidden=\"true\"><\/i>Dr. Luis Esparragoza<br \/>\n<i class=\"fa fa-arrow-right azul\" aria-hidden=\"true\"><\/i>Dr. \u00d3scar Riquelme<\/p>\n<\/div><\/div><\/div><\/div><\/div><\/div><\/div><\/div><\/div><\/div><\/div><div class=\"w-separator size_medium\"><\/div><\/div><\/div><\/div><\/div><\/div><\/section><section class=\"l-section wpb_row us_custom_33fe73d0 height_medium width_full\"><div class=\"l-section-h i-cf\"><div class=\"g-cols vc_row via_flex valign_top type_default stacking_default\"><div class=\"vc_col-sm-12 wpb_column vc_column_container\"><div class=\"vc_column-inner us_custom_33fe73d0\"><div class=\"wpb_wrapper\"><div class=\"wpb_text_column us_custom_33fe73d0 centrado\"><div class=\"wpb_wrapper\"><h2 class=\"subtitulo\" style=\"text-align: center;\">LAST NEWS<\/h2>\n<\/div><\/div><div class=\"w-grid us_custom_6746e154 type_grid layout_19733 cols_2\" id=\"us_grid_1\" style=\"--columns:2;--gap:1.5rem;\" data-filterable=\"true\"><style>@media (max-width:600px){#us_grid_1{--columns:1!important}}.layout_19733 .w-grid-item-h{}.layout_19733 .usg_hwrapper_1{margin-bottom:50!important;padding-top:20PX!important;padding-bottom:50PX!important}.layout_19733 .usg_vwrapper_1{width:40%!important;padding-right:20px!important}.layout_19733 .usg_vwrapper_2{width:60%!important}@media (min-width:601px) and (max-width:1024px){.layout_19733 .usg_vwrapper_1{width:40%!important;padding-right:20px!important}.layout_19733 .usg_vwrapper_2{width:60%!important}}@media (max-width:600px){.layout_19733 .usg_vwrapper_1{width:100%!important;padding-right:0!important}.layout_19733 .usg_vwrapper_2{width:100%!important}}<\/style><div class=\"w-grid-list\">\t<article class=\"w-grid-item size_1x1 post-50540 post type-post status-publish format-standard has-post-thumbnail hentry category-noticias-en tag-atletismo-en tag-campeonato-europeo-por-equipoos tag-deporte-en tag-rfea\" data-id=\"50540\">\r\n\t\t<div class=\"w-grid-item-h\">\r\n\t\t\t\t\t\t<div class=\"w-hwrapper usg_hwrapper_1 align_left valign_top\"><div class=\"w-vwrapper usg_vwrapper_1 align_left valign_top\"><div class=\"w-post-elm post_image usg_post_image_1 stretched\"><a href=\"https:\/\/www.clinicacemtro.com\/en\/cnecs-clinica-cemtro-dra-guerra\/\" aria-label=\"Dra. Mercedes Guerra Requena, nueva presidenta del Consejo Nacional de Especialidades en Ciencias de la Salud\"><img loading=\"lazy\" decoding=\"async\" width=\"600\" height=\"600\" src=\"https:\/\/www.clinicacemtro.com\/wp-content\/uploads\/2025\/08\/IMG_4601-1024x768-dra-mercedes-guerra-presidente-600x600.jpg\" class=\"attachment-us_600_600_crop size-us_600_600_crop wp-post-image\" alt=\"\" srcset=\"https:\/\/www.clinicacemtro.com\/wp-content\/uploads\/2025\/08\/IMG_4601-1024x768-dra-mercedes-guerra-presidente-600x600.jpg 600w, https:\/\/www.clinicacemtro.com\/wp-content\/uploads\/2025\/08\/IMG_4601-1024x768-dra-mercedes-guerra-presidente-150x150.jpg 150w, https:\/\/www.clinicacemtro.com\/wp-content\/uploads\/2025\/08\/IMG_4601-1024x768-dra-mercedes-guerra-presidente-350x350.jpg 350w\" sizes=\"auto, (max-width: 600px) 100vw, 600px\" \/><\/a><\/div><\/div><div class=\"w-vwrapper usg_vwrapper_2 align_left valign_top\"><h2 class=\"w-post-elm post_title usg_post_title_2 entry-title color_link_inherit\"><a href=\"https:\/\/www.clinicacemtro.com\/en\/cnecs-clinica-cemtro-dra-guerra\/\">Dra. Mercedes Guerra Requena, nueva presidenta del Consejo Nacional de Especialidades en Ciencias de la Salud<\/a><\/h2><div class=\"w-post-elm post_content usg_post_content_2\">La actual jefa de la Unidad de Angiolog\u00eda, Cirug\u00eda Vascular y Endovascular de Cl\u00ednica CEMTRO ha sido nombrada presidenta del m\u00e1ximo \u00f3rgano asesor del Ministerio de Sanidad en formaci\u00f3n sanitaria especializada. La Dra. Mercedes Guerra Requena, jefa de la Unidad&hellip;<\/div><\/div><\/div>\t\t<\/div>\r\n\t\t\t<\/article>\r\n\t<article class=\"w-grid-item size_1x1 post-50325 post type-post status-publish format-standard has-post-thumbnail hentry category-noticias-en tag-atletismo-en tag-campeonato-europeo-por-equipoos tag-deporte-en tag-rfea\" data-id=\"50325\">\r\n\t\t<div class=\"w-grid-item-h\">\r\n\t\t\t\t\t\t<div class=\"w-hwrapper usg_hwrapper_1 align_left valign_top\"><div class=\"w-vwrapper usg_vwrapper_1 align_left valign_top\"><div class=\"w-post-elm post_image usg_post_image_1 stretched\"><a href=\"https:\/\/www.clinicacemtro.com\/en\/servicios-medicos-rfea-europeo-madrid-2025\/\" aria-label=\"Cl\u00ednica CEMTRO, colaborador de los servicios m\u00e9dicos de la RFEA durante el Campeonato Europeo por Equipos Madrid 2025\"><img loading=\"lazy\" decoding=\"async\" width=\"600\" height=\"600\" src=\"https:\/\/www.clinicacemtro.com\/wp-content\/uploads\/2025\/06\/equipo-atletismo-600x600.jpg\" class=\"attachment-us_600_600_crop size-us_600_600_crop wp-post-image\" alt=\"\" srcset=\"https:\/\/www.clinicacemtro.com\/wp-content\/uploads\/2025\/06\/equipo-atletismo-600x600.jpg 600w, https:\/\/www.clinicacemtro.com\/wp-content\/uploads\/2025\/06\/equipo-atletismo-150x150.jpg 150w, https:\/\/www.clinicacemtro.com\/wp-content\/uploads\/2025\/06\/equipo-atletismo-350x350.jpg 350w\" sizes=\"auto, (max-width: 600px) 100vw, 600px\" \/><\/a><\/div><\/div><div class=\"w-vwrapper usg_vwrapper_2 align_left valign_top\"><h2 class=\"w-post-elm post_title usg_post_title_2 entry-title color_link_inherit\"><a href=\"https:\/\/www.clinicacemtro.com\/en\/servicios-medicos-rfea-europeo-madrid-2025\/\">Cl\u00ednica CEMTRO, colaborador de los servicios m\u00e9dicos de la RFEA durante el Campeonato Europeo por Equipos Madrid 2025<\/a><\/h2><div class=\"w-post-elm post_content usg_post_content_2\">Cl\u00ednica CEMTRO colabora como parte del equipo de servicios m\u00e9dicos de la Real Federaci\u00f3n Espa\u00f1ola de Atletismo (RFEA) en el marco del Campeonato Europeo de Atletismo por Equipos Madrid 2025, que se celebrar\u00e1 del 26 al 29 de junio en&hellip;<\/div><\/div><\/div>\t\t<\/div>\r\n\t\t\t<\/article>\r\n<\/div><div class=\"w-grid-preloader\">\t<div class=\"g-preloader type_1\">\r\n\t\t<div><\/div>\r\n\t<\/div>\r\n\t<\/div>\t<div class=\"w-grid-json hidden\" onclick='return {&quot;action&quot;:&quot;us_ajax_grid&quot;,&quot;infinite_scroll&quot;:0,&quot;max_num_pages&quot;:14,&quot;pagination&quot;:&quot;none&quot;,&quot;template_vars&quot;:{&quot;columns&quot;:&quot;2&quot;,&quot;exclude_items&quot;:&quot;none&quot;,&quot;img_size&quot;:&quot;default&quot;,&quot;ignore_items_size&quot;:0,&quot;items_layout&quot;:&quot;19733&quot;,&quot;items_offset&quot;:&quot;1&quot;,&quot;load_animation&quot;:&quot;none&quot;,&quot;overriding_link&quot;:&quot;{\\&quot;url\\&quot;:\\&quot;\\&quot;}&quot;,&quot;post_id&quot;:0,&quot;query_args&quot;:{&quot;post_type&quot;:[&quot;post&quot;],&quot;post_status&quot;:[&quot;publish&quot;,&quot;acf-disabled&quot;],&quot;posts_per_page&quot;:&quot;2&quot;},&quot;orderby_query_args&quot;:{&quot;orderby&quot;:{&quot;date&quot;:&quot;DESC&quot;}},&quot;type&quot;:&quot;grid&quot;,&quot;us_grid_post_type&quot;:&quot;post&quot;,&quot;us_grid_ajax_index&quot;:1,&quot;us_grid_filter_query_string&quot;:null,&quot;us_grid_index&quot;:1,&quot;page_args&quot;:[],&quot;lang&quot;:&quot;en&quot;}}'><\/div>\r\n\t<\/div><\/div><\/div><\/div><\/div><\/div><\/section>\n","protected":false},"excerpt":{"rendered":"Cl\u00ednica CEMTRO colabora como parte del equipo de servicios m\u00e9dicos de la Real Federaci\u00f3n Espa\u00f1ola de Atletismo (RFEA) en el marco del Campeonato Europeo de Atletismo por Equipos Madrid 2025, que se celebrar\u00e1 del 26 al 29 de junio en el Estadio Vallehermoso.\u00a0 Este evento internacional, organizado por European Athletics y la RFEA, reunir\u00e1 a...","protected":false},"author":1,"featured_media":0,"parent":12106,"menu_order":0,"comment_status":"closed","ping_status":"closed","template":"","meta":{"inline_featured_image":false,"footnotes":""},"class_list":["post-12094","page","type-page","status-publish","hentry"],"acf":[],"yoast_head":"<!-- This site is optimized with the Yoast SEO plugin v27.3 - https:\/\/yoast.com\/product\/yoast-seo-wordpress\/ -->\n<title>Spine Unit - Cl\u00ednica CEMTRO<\/title>\n<meta name=\"description\" content=\"CEMTRO Clinic Spine Unit performs an integral approach to the pathologies of the spine. Consult with our experts.\" \/>\n<meta name=\"robots\" content=\"index, follow, max-snippet:-1, max-image-preview:large, max-video-preview:-1\" \/>\n<link rel=\"canonical\" href=\"https:\/\/www.clinicacemtro.com\/en\/traumatology\/spine-unit\/\" \/>\n<meta property=\"og:locale\" content=\"en_US\" \/>\n<meta property=\"og:type\" content=\"article\" \/>\n<meta property=\"og:title\" content=\"Spine Unit - Cl\u00ednica CEMTRO\" \/>\n<meta property=\"og:description\" content=\"CEMTRO Clinic Spine Unit performs an integral approach to the pathologies of the spine. Consult with our experts.\" \/>\n<meta property=\"og:url\" content=\"https:\/\/www.clinicacemtro.com\/en\/traumatology\/spine-unit\/\" \/>\n<meta property=\"og:site_name\" content=\"Cl\u00ednica CEMTRO\" \/>\n<meta property=\"article:modified_time\" content=\"2020-05-09T22:31:27+00:00\" \/>\n<meta name=\"twitter:card\" content=\"summary_large_image\" \/>\n<meta name=\"twitter:label1\" content=\"Est. reading time\" \/>\n\t<meta name=\"twitter:data1\" content=\"3 minutes\" \/>\n<script type=\"application\/ld+json\" class=\"yoast-schema-graph\">{\"@context\":\"https:\\\/\\\/schema.org\",\"@graph\":[{\"@type\":\"WebPage\",\"@id\":\"https:\\\/\\\/www.clinicacemtro.com\\\/en\\\/traumatology\\\/spine-unit\\\/\",\"url\":\"https:\\\/\\\/www.clinicacemtro.com\\\/en\\\/traumatology\\\/spine-unit\\\/\",\"name\":\"Spine Unit - Cl\u00ednica CEMTRO\",\"isPartOf\":{\"@id\":\"https:\\\/\\\/www.clinicacemtro.com\\\/en\\\/#website\"},\"datePublished\":\"2018-01-18T11:45:42+00:00\",\"dateModified\":\"2020-05-09T22:31:27+00:00\",\"description\":\"CEMTRO Clinic Spine Unit performs an integral approach to the pathologies of the spine. Consult with our experts.\",\"breadcrumb\":{\"@id\":\"https:\\\/\\\/www.clinicacemtro.com\\\/en\\\/traumatology\\\/spine-unit\\\/#breadcrumb\"},\"inLanguage\":\"en-US\",\"potentialAction\":[{\"@type\":\"ReadAction\",\"target\":[\"https:\\\/\\\/www.clinicacemtro.com\\\/en\\\/traumatology\\\/spine-unit\\\/\"]}]},{\"@type\":\"BreadcrumbList\",\"@id\":\"https:\\\/\\\/www.clinicacemtro.com\\\/en\\\/traumatology\\\/spine-unit\\\/#breadcrumb\",\"itemListElement\":[{\"@type\":\"ListItem\",\"position\":1,\"name\":\"Traumatology\",\"item\":\"https:\\\/\\\/www.clinicacemtro.com\\\/en\\\/traumatology\\\/\"},{\"@type\":\"ListItem\",\"position\":2,\"name\":\"Spine Unit\"}]},{\"@type\":\"WebSite\",\"@id\":\"https:\\\/\\\/www.clinicacemtro.com\\\/en\\\/#website\",\"url\":\"https:\\\/\\\/www.clinicacemtro.com\\\/en\\\/\",\"name\":\"Cl\u00ednica CEMTRO\",\"description\":\"\",\"alternateName\":\"Cl\u00ednica CEMTRO\",\"potentialAction\":[{\"@type\":\"SearchAction\",\"target\":{\"@type\":\"EntryPoint\",\"urlTemplate\":\"https:\\\/\\\/www.clinicacemtro.com\\\/en\\\/?s={search_term_string}\"},\"query-input\":{\"@type\":\"PropertyValueSpecification\",\"valueRequired\":true,\"valueName\":\"search_term_string\"}}],\"inLanguage\":\"en-US\"}]}<\/script>\n<!-- \/ Yoast SEO plugin. -->","yoast_head_json":{"title":"Spine Unit - Cl\u00ednica CEMTRO","description":"CEMTRO Clinic Spine Unit performs an integral approach to the pathologies of the spine. Consult with our experts.","robots":{"index":"index","follow":"follow","max-snippet":"max-snippet:-1","max-image-preview":"max-image-preview:large","max-video-preview":"max-video-preview:-1"},"canonical":"https:\/\/www.clinicacemtro.com\/en\/traumatology\/spine-unit\/","og_locale":"en_US","og_type":"article","og_title":"Spine Unit - Cl\u00ednica CEMTRO","og_description":"CEMTRO Clinic Spine Unit performs an integral approach to the pathologies of the spine. Consult with our experts.","og_url":"https:\/\/www.clinicacemtro.com\/en\/traumatology\/spine-unit\/","og_site_name":"Cl\u00ednica CEMTRO","article_modified_time":"2020-05-09T22:31:27+00:00","twitter_card":"summary_large_image","twitter_misc":{"Est. reading time":"3 minutes"},"schema":{"@context":"https:\/\/schema.org","@graph":[{"@type":"WebPage","@id":"https:\/\/www.clinicacemtro.com\/en\/traumatology\/spine-unit\/","url":"https:\/\/www.clinicacemtro.com\/en\/traumatology\/spine-unit\/","name":"Spine Unit - Cl\u00ednica CEMTRO","isPartOf":{"@id":"https:\/\/www.clinicacemtro.com\/en\/#website"},"datePublished":"2018-01-18T11:45:42+00:00","dateModified":"2020-05-09T22:31:27+00:00","description":"CEMTRO Clinic Spine Unit performs an integral approach to the pathologies of the spine. Consult with our experts.","breadcrumb":{"@id":"https:\/\/www.clinicacemtro.com\/en\/traumatology\/spine-unit\/#breadcrumb"},"inLanguage":"en-US","potentialAction":[{"@type":"ReadAction","target":["https:\/\/www.clinicacemtro.com\/en\/traumatology\/spine-unit\/"]}]},{"@type":"BreadcrumbList","@id":"https:\/\/www.clinicacemtro.com\/en\/traumatology\/spine-unit\/#breadcrumb","itemListElement":[{"@type":"ListItem","position":1,"name":"Traumatology","item":"https:\/\/www.clinicacemtro.com\/en\/traumatology\/"},{"@type":"ListItem","position":2,"name":"Spine Unit"}]},{"@type":"WebSite","@id":"https:\/\/www.clinicacemtro.com\/en\/#website","url":"https:\/\/www.clinicacemtro.com\/en\/","name":"Cl\u00ednica CEMTRO","description":"","alternateName":"Cl\u00ednica CEMTRO","potentialAction":[{"@type":"SearchAction","target":{"@type":"EntryPoint","urlTemplate":"https:\/\/www.clinicacemtro.com\/en\/?s={search_term_string}"},"query-input":{"@type":"PropertyValueSpecification","valueRequired":true,"valueName":"search_term_string"}}],"inLanguage":"en-US"}]}},"post_mailing_queue_ids":[],"_links":{"self":[{"href":"https:\/\/www.clinicacemtro.com\/en\/wp-json\/wp\/v2\/pages\/12094","targetHints":{"allow":["GET"]}}],"collection":[{"href":"https:\/\/www.clinicacemtro.com\/en\/wp-json\/wp\/v2\/pages"}],"about":[{"href":"https:\/\/www.clinicacemtro.com\/en\/wp-json\/wp\/v2\/types\/page"}],"author":[{"embeddable":true,"href":"https:\/\/www.clinicacemtro.com\/en\/wp-json\/wp\/v2\/users\/1"}],"replies":[{"embeddable":true,"href":"https:\/\/www.clinicacemtro.com\/en\/wp-json\/wp\/v2\/comments?post=12094"}],"version-history":[{"count":0,"href":"https:\/\/www.clinicacemtro.com\/en\/wp-json\/wp\/v2\/pages\/12094\/revisions"}],"up":[{"embeddable":true,"href":"https:\/\/www.clinicacemtro.com\/en\/wp-json\/wp\/v2\/pages\/12106"}],"wp:attachment":[{"href":"https:\/\/www.clinicacemtro.com\/en\/wp-json\/wp\/v2\/media?parent=12094"}],"curies":[{"name":"wp","href":"https:\/\/api.w.org\/{rel}","templated":true}]}}